{"id":1201,"date":"2025-09-30T07:43:21","date_gmt":"2025-09-30T06:43:21","guid":{"rendered":"https:\/\/pojdte-s-nami-za-pohadkou.cz\/?page_id=1201"},"modified":"2025-09-30T07:59:40","modified_gmt":"2025-09-30T06:59:40","slug":"2018-dar","status":"publish","type":"page","link":"https:\/\/pojdte-s-nami-za-pohadkou.cz\/index.php\/2018-dar\/","title":{"rendered":"2018 Dar"},"content":{"rendered":"<h2 style=\"text-align: center;\"><span style=\"color: #ff0000;\">V roce 2018 jsme obdarovali M\u0160 Dvorsk\u00e1 celkem \u010d\u00e1stkou K\u010d 15.000,-<\/span><\/h2>\n<style>#jtg-1199 .modula-item .jtg-social a, .lightbox-socials.jtg-social a{ color: #ffffff }#jtg-1199 .modula-item .jtg-social svg, .lightbox-socials.jtg-social svg { height: 16px; width: 16px }#jtg-1199 .modula-item .jtg-social a:not(:last-child), .lightbox-socials.jtg-social a:not(:last-child) { margin-right: 10px }#jtg-1199 .modula-item .figc {color:#ffffff;}#jtg-1199 .modula-item .modula-item-content { transform: scale(1) }#jtg-1199 { width:100%;}#jtg-1199 .modula-items .figc p.description { font-size:14px; }#jtg-1199 .modula-items .figc p.description { color:#ffffff;}#jtg-1199.modula-gallery .modula-item > a, #jtg-1199.modula-gallery .modula-item, #jtg-1199.modula-gallery .modula-item-content > a:not(.modula-no-follow) { cursor:zoom-in; } #jtg-1199.modula-gallery .modula-item-content .modula-no-follow { cursor: default; } @media screen and (max-width:480px){#jtg-1199 .modula-item .figc .jtg-title {  font-size: 12px; }#jtg-1199 .modula-items .figc p.description { color:#ffffff;font-size:10px; }}<\/style>\n<!-- Gallery Container -->\n<div  id=\"jtg-1199\" class=\"modula modula-gallery modula-columns\" data-config=\"{&quot;tabletHeight&quot;:0,&quot;mobileHeight&quot;:0,&quot;desktopHeight&quot;:0,&quot;enableTwitter&quot;:false,&quot;enableWhatsapp&quot;:false,&quot;enableFacebook&quot;:false,&quot;enablePinterest&quot;:false,&quot;enableLinkedin&quot;:false,&quot;enableEmail&quot;:false,&quot;randomFactor&quot;:0,&quot;type&quot;:&quot;grid&quot;,&quot;columns&quot;:12,&quot;gutter&quot;:10,&quot;mobileGutter&quot;:10,&quot;tabletGutter&quot;:10,&quot;desktopGutter&quot;:10,&quot;enableResponsive&quot;:&quot;0&quot;,&quot;tabletColumns&quot;:&quot;2&quot;,&quot;mobileColumns&quot;:&quot;1&quot;,&quot;lazyLoad&quot;:&quot;1&quot;,&quot;lightboxOpts&quot;:{&quot;loop&quot;:false,&quot;arrows&quot;:true,&quot;toolbar&quot;:true,&quot;keyboard&quot;:true,&quot;wheel&quot;:false,&quot;buttons&quot;:[&quot;close&quot;],&quot;hash&quot;:false,&quot;lang&quot;:&quot;en&quot;,&quot;touch&quot;:false,&quot;protect&quot;:false,&quot;i18n&quot;:{&quot;en&quot;:{&quot;CLOSE&quot;:&quot;Close&quot;,&quot;NEXT&quot;:&quot;Next&quot;,&quot;PREV&quot;:&quot;Previous&quot;,&quot;Error&quot;:&quot;The requested content cannot be loaded. Please try again later.&quot;,&quot;PLAY_START&quot;:&quot;Start slideshow&quot;,&quot;PLAY_STOP&quot;:&quot;Pause slideshow&quot;,&quot;FULL_SCREEN&quot;:&quot;Full screen&quot;,&quot;THUMBS&quot;:&quot;Thumbnails&quot;,&quot;DOWNLOAD&quot;:&quot;Download&quot;,&quot;SHARE&quot;:&quot;Share&quot;,&quot;ZOOM&quot;:&quot;Zoom&quot;}},&quot;clickSlide&quot;:false,&quot;clickOutside&quot;:false,&quot;dblclickContent&quot;:false,&quot;dblclickSlide&quot;:false,&quot;dblclickOutside&quot;:false,&quot;clickContent&quot;:false,&quot;baseTpl&quot;:&quot;&lt;div class=\\&quot;modula-fancybox-container modula-lightbox-jtg-1199\\&quot; role=\\&quot;dialog\\&quot; tabindex=\\&quot;-1\\&quot;&gt;&lt;div class=\\&quot;modula-fancybox-bg\\&quot;&gt;&lt;\\\/div&gt;&lt;div class=\\&quot;modula-fancybox-inner\\&quot;&gt;&lt;div class=\\&quot;modula-fancybox-infobar\\&quot;&gt;&lt;span data-fancybox-index&gt;&lt;\\\/span&gt;&nbsp;\\\/&nbsp;&lt;span data-fancybox-count&gt;&lt;\\\/span&gt;&lt;\\\/div&gt;&lt;div class=\\&quot;modula-fancybox-toolbar\\&quot;&gt;{{buttons}}&lt;\\\/div&gt;&lt;div class=\\&quot;modula-fancybox-navigation\\&quot;&gt;{{arrows}}&lt;\\\/div&gt;&lt;div class=\\&quot;modula-fancybox-stage\\&quot;&gt;&lt;\\\/div&gt;&lt;div class=\\&quot;modula-fancybox-caption\\&quot;&gt;&lt;div class=\\&quot;modula-fancybox-caption__body\\&quot;&gt;&lt;\\\/div&gt;&lt;\\\/div&gt;&lt;\\\/div&gt;&lt;\\\/div&gt;&quot;},&quot;inView&quot;:false,&quot;email_subject&quot;:&quot;Check out this awesome image !!&quot;,&quot;email_message&quot;:&quot;Here is the link to the image : %%image_link%% and this is the link to the gallery : %%gallery_link%%&quot;,&quot;grid_type&quot;:&quot;automatic&quot;,&quot;rowHeight&quot;:250,&quot;lastRow&quot;:&quot;justify&quot;,&quot;lightbox&quot;:&quot;fancybox&quot;}\">\n\n\t\n\t<!-- Items Container -->\n\t<div  class=\"modula-items grid-gallery\">\n\t\t<div class=\"modula-item effect-pufrobo\" >\n\t<div class=\"modula-item-overlay\"><\/div>\n\n\t<div class=\"modula-item-content\">\n\n\t\t\t\t\n\t\t\t\t\t<a data-image-id=\"1195\" rel=\"jtg-1199\" data-caption=\"\" aria-label=\"Open image in lightbox\" class=\"tile-inner modula-item-link\"><\/a>\n\t\t\n\t\t<img class=\"pic wp-image-1195 lazyload\"  data-valign=\"middle\" data-halign=\"center\" alt=\"\" data-full=\"https:\/\/pojdte-s-nami-za-pohadkou.cz\/wp-content\/uploads\/2025\/09\/2018_msdvorska1.jpeg\" title=\"2018_msdvorska1\" width=\"300\" height=\"225\" data-src=\"https:\/\/pojdte-s-nami-za-pohadkou.cz\/wp-content\/uploads\/2025\/09\/2018_msdvorska1-300x225.jpeg\" data-caption=\"\" data-source=\"modula\" data-srcset=\"https:\/\/pojdte-s-nami-za-pohadkou.cz\/wp-content\/uploads\/2025\/09\/2018_msdvorska1.jpeg 1280w, https:\/\/pojdte-s-nami-za-pohadkou.cz\/wp-content\/uploads\/2025\/09\/2018_msdvorska1-300x225.jpeg 300w, https:\/\/pojdte-s-nami-za-pohadkou.cz\/wp-content\/uploads\/2025\/09\/2018_msdvorska1-1024x768.jpeg 1024w, https:\/\/pojdte-s-nami-za-pohadkou.cz\/wp-content\/uploads\/2025\/09\/2018_msdvorska1-768x576.jpeg 768w, https:\/\/pojdte-s-nami-za-pohadkou.cz\/wp-content\/uploads\/2025\/09\/2018_msdvorska1-850x638.jpeg 850w\" data-sizes=\"(max-width: 300px) 100vw, 300px\" \/>\n\t\t<div class=\"figc no-description\">\n\t\t\t<div class=\"figc-inner\">\n\t\t\t\t\t\t\t\t\t\t\t\t\t\t\t<\/div>\n\t\t<\/div>\n\n\t<\/div>\n\n<\/div><div class=\"modula-item effect-pufrobo\" >\n\t<div class=\"modula-item-overlay\"><\/div>\n\n\t<div class=\"modula-item-content\">\n\n\t\t\t\t\n\t\t\t\t\t<a data-image-id=\"1196\" rel=\"jtg-1199\" data-caption=\"\" aria-label=\"Open image in lightbox\" class=\"tile-inner modula-item-link\"><\/a>\n\t\t\n\t\t<img class=\"pic wp-image-1196 lazyload\"  data-valign=\"middle\" data-halign=\"center\" alt=\"\" data-full=\"https:\/\/pojdte-s-nami-za-pohadkou.cz\/wp-content\/uploads\/2025\/09\/2018_msdvorska.jpeg\" title=\"2018_msdvorska\" width=\"225\" height=\"300\" data-src=\"https:\/\/pojdte-s-nami-za-pohadkou.cz\/wp-content\/uploads\/2025\/09\/2018_msdvorska-225x300.jpeg\" data-caption=\"\" data-source=\"modula\" data-srcset=\"https:\/\/pojdte-s-nami-za-pohadkou.cz\/wp-content\/uploads\/2025\/09\/2018_msdvorska-rotated.jpeg 960w, https:\/\/pojdte-s-nami-za-pohadkou.cz\/wp-content\/uploads\/2025\/09\/2018_msdvorska-rotated-225x300.jpeg 225w, https:\/\/pojdte-s-nami-za-pohadkou.cz\/wp-content\/uploads\/2025\/09\/2018_msdvorska-768x1024.jpeg 768w, https:\/\/pojdte-s-nami-za-pohadkou.cz\/wp-content\/uploads\/2025\/09\/2018_msdvorska-300x400.jpeg 300w, https:\/\/pojdte-s-nami-za-pohadkou.cz\/wp-content\/uploads\/2025\/09\/2018_msdvorska-850x1133.jpeg 850w\" data-sizes=\"(max-width: 225px) 100vw, 225px\" \/>\n\t\t<div class=\"figc no-description\">\n\t\t\t<div class=\"figc-inner\">\n\t\t\t\t\t\t\t\t\t\t\t\t\t\t\t<\/div>\n\t\t<\/div>\n\n\t<\/div>\n\n<\/div>\t\t\n\t<\/div>\n\n\t\n\t\n\t<script type=\"application\/ld+json\">\n\t{\n\t\t\"@context\": \"http:\/\/schema.org\",\n\t\t\"@type\"   : \"ImageGallery\",\n\t\t\"id\"      : \"https:\/\/pojdte-s-nami-za-pohadkou.cz\/wp-json\/wp\/v2\/pages\/1201\",\n\t\t\"url\"     : \"https:\/\/pojdte-s-nami-za-pohadkou.cz\/wp-json\/wp\/v2\/pages\/1201\"\n\t}\n\n    <\/script>\n\n\t\n<\/div>\n","protected":false},"excerpt":{"rendered":"<p>V roce 2018 jsme obdarovali M\u0160 Dvorsk\u00e1 celkem \u010d\u00e1stkou K\u010d 15.000,-<\/p>\n","protected":false},"author":1,"featured_media":0,"parent":0,"menu_order":0,"comment_status":"closed","ping_status":"closed","template":"","meta":{"footnotes":""},"_links":{"self":[{"href":"https:\/\/pojdte-s-nami-za-pohadkou.cz\/index.php\/wp-json\/wp\/v2\/pages\/1201"}],"collection":[{"href":"https:\/\/pojdte-s-nami-za-pohadkou.cz\/index.php\/wp-json\/wp\/v2\/pages"}],"about":[{"href":"https:\/\/pojdte-s-nami-za-pohadkou.cz\/index.php\/wp-json\/wp\/v2\/types\/page"}],"author":[{"embeddable":true,"href":"https:\/\/pojdte-s-nami-za-pohadkou.cz\/index.php\/wp-json\/wp\/v2\/users\/1"}],"replies":[{"embeddable":true,"href":"https:\/\/pojdte-s-nami-za-pohadkou.cz\/index.php\/wp-json\/wp\/v2\/comments?post=1201"}],"version-history":[{"count":5,"href":"https:\/\/pojdte-s-nami-za-pohadkou.cz\/index.php\/wp-json\/wp\/v2\/pages\/1201\/revisions"}],"predecessor-version":[{"id":1214,"href":"https:\/\/pojdte-s-nami-za-pohadkou.cz\/index.php\/wp-json\/wp\/v2\/pages\/1201\/revisions\/1214"}],"wp:attachment":[{"href":"https:\/\/pojdte-s-nami-za-pohadkou.cz\/index.php\/wp-json\/wp\/v2\/media?parent=1201"}],"curies":[{"name":"wp","href":"https:\/\/api.w.org\/{rel}","templated":true}]}}