{"id":1203,"date":"2025-09-30T07:43:51","date_gmt":"2025-09-30T06:43:51","guid":{"rendered":"https:\/\/pojdte-s-nami-za-pohadkou.cz\/?page_id=1203"},"modified":"2025-09-30T07:59:55","modified_gmt":"2025-09-30T06:59:55","slug":"2017-dar","status":"publish","type":"page","link":"https:\/\/pojdte-s-nami-za-pohadkou.cz\/index.php\/2017-dar\/","title":{"rendered":"2017 Dar"},"content":{"rendered":"<h2 style=\"text-align: center;\"><span style=\"color: #ff0000;\">V roce 2017 jsme obdarovali M\u0160 \u00dadoln\u00ed celkem \u010d\u00e1stkou K\u010d 20.000,-<\/span><\/h2>\n<style>#jtg-1200 .modula-item .jtg-social a, .lightbox-socials.jtg-social a{ color: #ffffff }#jtg-1200 .modula-item .jtg-social svg, .lightbox-socials.jtg-social svg { height: 16px; width: 16px }#jtg-1200 .modula-item .jtg-social a:not(:last-child), .lightbox-socials.jtg-social a:not(:last-child) { margin-right: 10px }#jtg-1200 .modula-item .figc {color:#ffffff;}#jtg-1200 .modula-item .modula-item-content { transform: scale(1) }#jtg-1200 { width:100%;}#jtg-1200 .modula-items .figc p.description { font-size:14px; }#jtg-1200 .modula-items .figc p.description { color:#ffffff;}#jtg-1200.modula-gallery .modula-item > a, #jtg-1200.modula-gallery .modula-item, #jtg-1200.modula-gallery .modula-item-content > a:not(.modula-no-follow) { cursor:zoom-in; } #jtg-1200.modula-gallery .modula-item-content .modula-no-follow { cursor: default; } @media screen and (max-width:480px){#jtg-1200 .modula-item .figc .jtg-title {  font-size: 12px; }#jtg-1200 .modula-items .figc p.description { color:#ffffff;font-size:10px; }}<\/style>\n<!-- Gallery Container -->\n<div  id=\"jtg-1200\" class=\"modula modula-gallery modula-columns\" data-config=\"{&quot;tabletHeight&quot;:0,&quot;mobileHeight&quot;:0,&quot;desktopHeight&quot;:0,&quot;enableTwitter&quot;:false,&quot;enableWhatsapp&quot;:false,&quot;enableFacebook&quot;:false,&quot;enablePinterest&quot;:false,&quot;enableLinkedin&quot;:false,&quot;enableEmail&quot;:false,&quot;randomFactor&quot;:0,&quot;type&quot;:&quot;grid&quot;,&quot;columns&quot;:12,&quot;gutter&quot;:10,&quot;mobileGutter&quot;:10,&quot;tabletGutter&quot;:10,&quot;desktopGutter&quot;:10,&quot;enableResponsive&quot;:&quot;0&quot;,&quot;tabletColumns&quot;:&quot;2&quot;,&quot;mobileColumns&quot;:&quot;1&quot;,&quot;lazyLoad&quot;:&quot;1&quot;,&quot;lightboxOpts&quot;:{&quot;loop&quot;:false,&quot;arrows&quot;:true,&quot;toolbar&quot;:true,&quot;keyboard&quot;:true,&quot;wheel&quot;:false,&quot;buttons&quot;:[&quot;close&quot;],&quot;hash&quot;:false,&quot;lang&quot;:&quot;en&quot;,&quot;touch&quot;:false,&quot;protect&quot;:false,&quot;i18n&quot;:{&quot;en&quot;:{&quot;CLOSE&quot;:&quot;Close&quot;,&quot;NEXT&quot;:&quot;Next&quot;,&quot;PREV&quot;:&quot;Previous&quot;,&quot;Error&quot;:&quot;The requested content cannot be loaded. Please try again later.&quot;,&quot;PLAY_START&quot;:&quot;Start slideshow&quot;,&quot;PLAY_STOP&quot;:&quot;Pause slideshow&quot;,&quot;FULL_SCREEN&quot;:&quot;Full screen&quot;,&quot;THUMBS&quot;:&quot;Thumbnails&quot;,&quot;DOWNLOAD&quot;:&quot;Download&quot;,&quot;SHARE&quot;:&quot;Share&quot;,&quot;ZOOM&quot;:&quot;Zoom&quot;}},&quot;clickSlide&quot;:false,&quot;clickOutside&quot;:false,&quot;dblclickContent&quot;:false,&quot;dblclickSlide&quot;:false,&quot;dblclickOutside&quot;:false,&quot;clickContent&quot;:false,&quot;baseTpl&quot;:&quot;&lt;div class=\\&quot;modula-fancybox-container modula-lightbox-jtg-1200\\&quot; role=\\&quot;dialog\\&quot; tabindex=\\&quot;-1\\&quot;&gt;&lt;div class=\\&quot;modula-fancybox-bg\\&quot;&gt;&lt;\\\/div&gt;&lt;div class=\\&quot;modula-fancybox-inner\\&quot;&gt;&lt;div class=\\&quot;modula-fancybox-infobar\\&quot;&gt;&lt;span data-fancybox-index&gt;&lt;\\\/span&gt;&nbsp;\\\/&nbsp;&lt;span data-fancybox-count&gt;&lt;\\\/span&gt;&lt;\\\/div&gt;&lt;div class=\\&quot;modula-fancybox-toolbar\\&quot;&gt;{{buttons}}&lt;\\\/div&gt;&lt;div class=\\&quot;modula-fancybox-navigation\\&quot;&gt;{{arrows}}&lt;\\\/div&gt;&lt;div class=\\&quot;modula-fancybox-stage\\&quot;&gt;&lt;\\\/div&gt;&lt;div class=\\&quot;modula-fancybox-caption\\&quot;&gt;&lt;div class=\\&quot;modula-fancybox-caption__body\\&quot;&gt;&lt;\\\/div&gt;&lt;\\\/div&gt;&lt;\\\/div&gt;&lt;\\\/div&gt;&quot;},&quot;inView&quot;:false,&quot;email_subject&quot;:&quot;Check out this awesome image !!&quot;,&quot;email_message&quot;:&quot;Here is the link to the image : %%image_link%% and this is the link to the gallery : %%gallery_link%%&quot;,&quot;grid_type&quot;:&quot;automatic&quot;,&quot;rowHeight&quot;:250,&quot;lastRow&quot;:&quot;justify&quot;,&quot;lightbox&quot;:&quot;fancybox&quot;}\">\n\n\t\n\t<!-- Items Container -->\n\t<div  class=\"modula-items grid-gallery\">\n\t\t<div class=\"modula-item effect-pufrobo\" >\n\t<div class=\"modula-item-overlay\"><\/div>\n\n\t<div class=\"modula-item-content\">\n\n\t\t\t\t\n\t\t\t\t\t<a data-image-id=\"1198\" rel=\"jtg-1200\" data-caption=\"\" aria-label=\"Open image in lightbox\" class=\"tile-inner modula-item-link\"><\/a>\n\t\t\n\t\t<img class=\"pic wp-image-1198 lazyload\"  data-valign=\"middle\" data-halign=\"center\" alt=\"\" data-full=\"https:\/\/pojdte-s-nami-za-pohadkou.cz\/wp-content\/uploads\/2025\/09\/2017_msudolni.jpg\" title=\"2017_msudolni\" width=\"300\" height=\"225\" data-src=\"https:\/\/pojdte-s-nami-za-pohadkou.cz\/wp-content\/uploads\/2025\/09\/2017_msudolni-300x225.jpg\" data-caption=\"\" data-source=\"modula\" data-srcset=\"https:\/\/pojdte-s-nami-za-pohadkou.cz\/wp-content\/uploads\/2025\/09\/2017_msudolni.jpg 1000w, https:\/\/pojdte-s-nami-za-pohadkou.cz\/wp-content\/uploads\/2025\/09\/2017_msudolni-300x225.jpg 300w, https:\/\/pojdte-s-nami-za-pohadkou.cz\/wp-content\/uploads\/2025\/09\/2017_msudolni-768x576.jpg 768w, https:\/\/pojdte-s-nami-za-pohadkou.cz\/wp-content\/uploads\/2025\/09\/2017_msudolni-850x638.jpg 850w\" data-sizes=\"(max-width: 300px) 100vw, 300px\" \/>\n\t\t<div class=\"figc no-description\">\n\t\t\t<div class=\"figc-inner\">\n\t\t\t\t\t\t\t\t\t\t\t\t\t\t\t<\/div>\n\t\t<\/div>\n\n\t<\/div>\n\n<\/div><div class=\"modula-item effect-pufrobo\" >\n\t<div class=\"modula-item-overlay\"><\/div>\n\n\t<div class=\"modula-item-content\">\n\n\t\t\t\t\n\t\t\t\t\t<a data-image-id=\"1197\" rel=\"jtg-1200\" data-caption=\"\" aria-label=\"Open image in lightbox\" class=\"tile-inner modula-item-link\"><\/a>\n\t\t\n\t\t<img class=\"pic wp-image-1197 lazyload\"  data-valign=\"middle\" data-halign=\"center\" alt=\"\" data-full=\"https:\/\/pojdte-s-nami-za-pohadkou.cz\/wp-content\/uploads\/2025\/09\/2017_msudolni1.jpg\" title=\"2017_msudolni1\" width=\"300\" height=\"225\" data-src=\"https:\/\/pojdte-s-nami-za-pohadkou.cz\/wp-content\/uploads\/2025\/09\/2017_msudolni1-300x225.jpg\" data-caption=\"\" data-source=\"modula\" data-srcset=\"https:\/\/pojdte-s-nami-za-pohadkou.cz\/wp-content\/uploads\/2025\/09\/2017_msudolni1.jpg 1000w, https:\/\/pojdte-s-nami-za-pohadkou.cz\/wp-content\/uploads\/2025\/09\/2017_msudolni1-300x225.jpg 300w, https:\/\/pojdte-s-nami-za-pohadkou.cz\/wp-content\/uploads\/2025\/09\/2017_msudolni1-768x576.jpg 768w, https:\/\/pojdte-s-nami-za-pohadkou.cz\/wp-content\/uploads\/2025\/09\/2017_msudolni1-850x638.jpg 850w\" data-sizes=\"(max-width: 300px) 100vw, 300px\" \/>\n\t\t<div class=\"figc no-description\">\n\t\t\t<div class=\"figc-inner\">\n\t\t\t\t\t\t\t\t\t\t\t\t\t\t\t<\/div>\n\t\t<\/div>\n\n\t<\/div>\n\n<\/div>\t\t\n\t<\/div>\n\n\t\n\t\n\t<script type=\"application\/ld+json\">\n\t{\n\t\t\"@context\": \"http:\/\/schema.org\",\n\t\t\"@type\"   : \"ImageGallery\",\n\t\t\"id\"      : \"https:\/\/pojdte-s-nami-za-pohadkou.cz\/wp-json\/wp\/v2\/pages\/1203\",\n\t\t\"url\"     : \"https:\/\/pojdte-s-nami-za-pohadkou.cz\/wp-json\/wp\/v2\/pages\/1203\"\n\t}\n\n    <\/script>\n\n\t\n<\/div>\n","protected":false},"excerpt":{"rendered":"<p>V roce 2017 jsme obdarovali M\u0160 \u00dadoln\u00ed celkem \u010d\u00e1stkou K\u010d 20.000,-<\/p>\n","protected":false},"author":1,"featured_media":0,"parent":0,"menu_order":0,"comment_status":"closed","ping_status":"closed","template":"","meta":{"footnotes":""},"_links":{"self":[{"href":"https:\/\/pojdte-s-nami-za-pohadkou.cz\/index.php\/wp-json\/wp\/v2\/pages\/1203"}],"collection":[{"href":"https:\/\/pojdte-s-nami-za-pohadkou.cz\/index.php\/wp-json\/wp\/v2\/pages"}],"about":[{"href":"https:\/\/pojdte-s-nami-za-pohadkou.cz\/index.php\/wp-json\/wp\/v2\/types\/page"}],"author":[{"embeddable":true,"href":"https:\/\/pojdte-s-nami-za-pohadkou.cz\/index.php\/wp-json\/wp\/v2\/users\/1"}],"replies":[{"embeddable":true,"href":"https:\/\/pojdte-s-nami-za-pohadkou.cz\/index.php\/wp-json\/wp\/v2\/comments?post=1203"}],"version-history":[{"count":4,"href":"https:\/\/pojdte-s-nami-za-pohadkou.cz\/index.php\/wp-json\/wp\/v2\/pages\/1203\/revisions"}],"predecessor-version":[{"id":1215,"href":"https:\/\/pojdte-s-nami-za-pohadkou.cz\/index.php\/wp-json\/wp\/v2\/pages\/1203\/revisions\/1215"}],"wp:attachment":[{"href":"https:\/\/pojdte-s-nami-za-pohadkou.cz\/index.php\/wp-json\/wp\/v2\/media?parent=1203"}],"curies":[{"name":"wp","href":"https:\/\/api.w.org\/{rel}","templated":true}]}}