{"id":27,"date":"2024-01-06T22:03:50","date_gmt":"2024-01-06T21:03:50","guid":{"rendered":"https:\/\/pojdte-s-nami-za-pohadkou.cz\/?page_id=27"},"modified":"2026-01-14T18:16:21","modified_gmt":"2026-01-14T17:16:21","slug":"uvod","status":"publish","type":"page","link":"https:\/\/pojdte-s-nami-za-pohadkou.cz\/index.php\/uvod\/","title":{"rendered":"\u00davod"},"content":{"rendered":"\r\n<h2 class=\"has-text-align-left\" style=\"text-align: right;\"><strong>SPOLEK P\u0158\u00c1TEL POCHODU \u201ePOJ\u010eTE S N\u00c1MI ZA POH\u00c1DKOU&#8221;<\/strong><\/h2>\r\n\r\n\r\n\r\n<h4 class=\"has-text-align-left\" style=\"text-align: right;\">Je n\u00e1m ct\u00ed p\u0159edstavit v\u00e1m n\u00e1\u0161 nov\u011b vytvo\u0159en\u00fd Spolek p\u0159\u00e1tel poh\u00e1dkov\u00e9ho pochodu \u201ePoj\u010fte s n\u00e1mi za poh\u00e1dkou&#8221;, jeho\u017e \u010dlenov\u00e9 maj\u00ed prim\u00e1rn\u011b za \u00fakol organizaci, rozvoj a p\u0159\u00edpravu na\u0161eho poh\u00e1dkov\u00e9ho pochodu za \u00fa\u010delem poskytnout podporu a pomoc osob\u00e1m zdravotn\u011b \u010di soci\u00e1ln\u011b znev\u00fdhodn\u011bn\u00fdm, p\u0159i\u010dem\u017e v\u00fd\u0161e zmi\u0148ovan\u00e1 podpora a pomoc spo\u010d\u00edv\u00e1 zejm\u00e9na ve snaze zajistit finan\u010dn\u00ed, materi\u00e1ln\u00ed a person\u00e1ln\u00ed zdroje, d\u00edky nim\u017e bude mo\u017en\u00e9 zv\u00fd\u0161it \u017eivotn\u00ed \u00farove\u0148 t\u011bchto zdravotn\u011b \u010di soci\u00e1ln\u011b znev\u00fdhodn\u011bn\u00fdch osob \u010di zlep\u0161it kvalitu podm\u00ednek, v nich\u017e tyto osoby \u017eij\u00ed.<\/h4>\r\n\r\n\r\n\r\n<p>&nbsp;<\/p>\r\n<p>&nbsp;<\/p>\r\n<p>&nbsp;<\/p>\r\n<p>&nbsp;<\/p>\r\n\r\n\r\n\r\n<h4 class=\"has-text-align-left\" style=\"text-align: right;\">V p\u0159\u00edpad\u011b, \u017ee byste i vy cht\u011bli podpo\u0159it \u010dinnost na\u0161eho spolku a t\u00edm pomoci dobr\u00e9 v\u011bci, budeme velice r\u00e1di a p\u0159edem d\u011bkujeme.<\/h4>\r\n<h4 style=\"text-align: right;\">\r\n\r\n<\/h4>\r\n<h4 class=\"has-text-align-left\" style=\"text-align: right;\">\u010d.\u00fa.: 2401783201 \/ 2010 Fio banka<\/h4>\r\n<p>&nbsp;<\/p>\r\n","protected":false},"excerpt":{"rendered":"<p>SPOLEK P\u0158\u00c1TEL POCHODU \u201ePOJ\u010eTE S N\u00c1MI ZA POH\u00c1DKOU&#8221; Je n\u00e1m ct\u00ed p\u0159edstavit v\u00e1m n\u00e1\u0161 nov\u011b vytvo\u0159en\u00fd Spolek p\u0159\u00e1tel poh\u00e1dkov\u00e9ho pochodu \u201ePoj\u010fte s n\u00e1mi za poh\u00e1dkou&#8221;, jeho\u017e \u010dlenov\u00e9 maj\u00ed prim\u00e1rn\u011b za \u00fakol organizaci, rozvoj a p\u0159\u00edpravu na\u0161eho poh\u00e1dkov\u00e9ho pochodu za \u00fa\u010delem poskytnout podporu a pomoc osob\u00e1m zdravotn\u011b \u010di soci\u00e1ln\u011b znev\u00fdhodn\u011bn\u00fdm, p\u0159i\u010dem\u017e v\u00fd\u0161e zmi\u0148ovan\u00e1 podpora a pomoc&#8230;<\/p>\n","protected":false},"author":1,"featured_media":0,"parent":0,"menu_order":0,"comment_status":"closed","ping_status":"closed","template":"","meta":{"footnotes":""},"_links":{"self":[{"href":"https:\/\/pojdte-s-nami-za-pohadkou.cz\/index.php\/wp-json\/wp\/v2\/pages\/27"}],"collection":[{"href":"https:\/\/pojdte-s-nami-za-pohadkou.cz\/index.php\/wp-json\/wp\/v2\/pages"}],"about":[{"href":"https:\/\/pojdte-s-nami-za-pohadkou.cz\/index.php\/wp-json\/wp\/v2\/types\/page"}],"author":[{"embeddable":true,"href":"https:\/\/pojdte-s-nami-za-pohadkou.cz\/index.php\/wp-json\/wp\/v2\/users\/1"}],"replies":[{"embeddable":true,"href":"https:\/\/pojdte-s-nami-za-pohadkou.cz\/index.php\/wp-json\/wp\/v2\/comments?post=27"}],"version-history":[{"count":21,"href":"https:\/\/pojdte-s-nami-za-pohadkou.cz\/index.php\/wp-json\/wp\/v2\/pages\/27\/revisions"}],"predecessor-version":[{"id":1494,"href":"https:\/\/pojdte-s-nami-za-pohadkou.cz\/index.php\/wp-json\/wp\/v2\/pages\/27\/revisions\/1494"}],"wp:attachment":[{"href":"https:\/\/pojdte-s-nami-za-pohadkou.cz\/index.php\/wp-json\/wp\/v2\/media?parent=27"}],"curies":[{"name":"wp","href":"https:\/\/api.w.org\/{rel}","templated":true}]}}