{"id":28,"date":"2024-01-06T22:03:50","date_gmt":"2024-01-06T21:03:50","guid":{"rendered":"https:\/\/pojdte-s-nami-za-pohadkou.cz\/?page_id=28"},"modified":"2024-01-14T16:39:47","modified_gmt":"2024-01-14T15:39:47","slug":"popis-akce","status":"publish","type":"page","link":"https:\/\/pojdte-s-nami-za-pohadkou.cz\/index.php\/popis-akce\/","title":{"rendered":"Popis akce"},"content":{"rendered":"\r\n<h4 style=\"text-align: right;\">Akce ur\u010den\u00e1 v\u00fdhradn\u011b pro d\u011bti.<\/h4>\r\n<h4 style=\"text-align: right;\">\r\n\r\n<\/h4>\r\n<h4 style=\"text-align: right;\">Putov\u00e1n\u00ed za poh\u00e1dkov\u00fdmi postavami aneb poj\u010fte s n\u00e1mi za poh\u00e1dkou je kulturn\u011b &#8211; sportovn\u00ed akce konan\u00e1 v\u017edy prvn\u00ed listopadovou sobotu. Prvn\u00ed neofici\u00e1ln\u00ed, zku\u0161ebn\u00ed ro\u010dn\u00edk prob\u011bhl ji\u017e v roce 2015. Od n\u00e1sleduj\u00edc\u00edho roku, tedy od roku 2016 ji\u017e prob\u00edhaj\u00ed ofici\u00e1ln\u00ed ro\u010dn\u00edky t\u00e9to akce.\u202f<\/h4>\r\n<h4 style=\"text-align: right;\">\r\n\r\n<\/h4>\r\n<h4 style=\"text-align: right;\">Akce spo\u010d\u00edv\u00e1 v putov\u00e1n\u00ed za poh\u00e1dkov\u00fdmi postavami, jednodu\u0161e se jedn\u00e1 o pochod kr\u00e1snou podzimn\u00ed krajinou. Okruh cel\u00e9ho pochodu je dlouh\u00fd zhruba 2 a\u017e 3 km. Po cel\u00e9m okruhu je rozm\u00edst\u011bno 10 stanovi\u0161\u0165, na kter\u00fdch jsou ji\u017e zmi\u0148ovan\u00e9 poh\u00e1dkov\u00e9 postavy. Na ka\u017ed\u00e9m stanovi\u0161ti je i tzv. raz\u00edtko, kter\u00e9 d\u00e1v\u00e1 raz\u00edtko na mapu s po\u017eadovan\u00fdm \u010d\u00edslem stojky. Mapky d\u011bti dostanou hned na startu pochodu po zaplacen\u00ed vstupn\u00e9ho. Hlavn\u00ed \u00fakol cel\u00e9ho pochodu je proj\u00edt v\u0161echna stanovi\u0161t\u011b a z\u00edskat v\u0161echny raz\u00edtka. Na konci d\u011bti \u010dek\u00e1 odm\u011bna v podob\u011b magnetky, kterou si samy vyberou.<\/h4>\r\n<h4 style=\"text-align: right;\">\r\n\r\n<\/h4>\r\n<h4 style=\"text-align: right;\">Cel\u00e1 tra\u0165 pochodu vede lesem, po lesn\u00edch cest\u00e1ch a ne v\u017edy je ter\u00e9n uzp\u016fsoben\u00fd na ko\u010d\u00e1rky. Proto rad\u011bji doporu\u010dujeme ko\u010d\u00e1rek nebrat. Je to na vlastn\u00ed uv\u00e1\u017een\u00ed!\u202f<\/h4>\r\n","protected":false},"excerpt":{"rendered":"<p>Akce ur\u010den\u00e1 v\u00fdhradn\u011b pro d\u011bti. Putov\u00e1n\u00ed za poh\u00e1dkov\u00fdmi postavami aneb poj\u010fte s n\u00e1mi za poh\u00e1dkou je kulturn\u011b &#8211; sportovn\u00ed akce konan\u00e1 v\u017edy prvn\u00ed listopadovou sobotu. Prvn\u00ed neofici\u00e1ln\u00ed, zku\u0161ebn\u00ed ro\u010dn\u00edk prob\u011bhl ji\u017e v roce 2015. Od n\u00e1sleduj\u00edc\u00edho roku, tedy od roku 2016 ji\u017e prob\u00edhaj\u00ed ofici\u00e1ln\u00ed ro\u010dn\u00edky t\u00e9to akce.\u202f Akce spo\u010d\u00edv\u00e1 v putov\u00e1n\u00ed za poh\u00e1dkov\u00fdmi postavami, jednodu\u0161e&#8230;<\/p>\n","protected":false},"author":1,"featured_media":0,"parent":0,"menu_order":0,"comment_status":"closed","ping_status":"closed","template":"","meta":{"footnotes":""},"_links":{"self":[{"href":"https:\/\/pojdte-s-nami-za-pohadkou.cz\/index.php\/wp-json\/wp\/v2\/pages\/28"}],"collection":[{"href":"https:\/\/pojdte-s-nami-za-pohadkou.cz\/index.php\/wp-json\/wp\/v2\/pages"}],"about":[{"href":"https:\/\/pojdte-s-nami-za-pohadkou.cz\/index.php\/wp-json\/wp\/v2\/types\/page"}],"author":[{"embeddable":true,"href":"https:\/\/pojdte-s-nami-za-pohadkou.cz\/index.php\/wp-json\/wp\/v2\/users\/1"}],"replies":[{"embeddable":true,"href":"https:\/\/pojdte-s-nami-za-pohadkou.cz\/index.php\/wp-json\/wp\/v2\/comments?post=28"}],"version-history":[{"count":5,"href":"https:\/\/pojdte-s-nami-za-pohadkou.cz\/index.php\/wp-json\/wp\/v2\/pages\/28\/revisions"}],"predecessor-version":[{"id":505,"href":"https:\/\/pojdte-s-nami-za-pohadkou.cz\/index.php\/wp-json\/wp\/v2\/pages\/28\/revisions\/505"}],"wp:attachment":[{"href":"https:\/\/pojdte-s-nami-za-pohadkou.cz\/index.php\/wp-json\/wp\/v2\/media?parent=28"}],"curies":[{"name":"wp","href":"https:\/\/api.w.org\/{rel}","templated":true}]}}