{"id":29,"date":"2024-01-06T22:03:50","date_gmt":"2024-01-06T21:03:50","guid":{"rendered":"https:\/\/pojdte-s-nami-za-pohadkou.cz\/?page_id=29"},"modified":"2024-09-08T14:47:35","modified_gmt":"2024-09-08T13:47:35","slug":"nejcastejsi-dotazy","status":"publish","type":"page","link":"https:\/\/pojdte-s-nami-za-pohadkou.cz\/index.php\/nejcastejsi-dotazy\/","title":{"rendered":"Nej\u010dast\u011bj\u0161\u00ed dotazy"},"content":{"rendered":"\r\n<h3 style=\"text-align: right;\"><strong>Kolik stoj\u00ed vstupn\u00e9 na akci?\u202f<\/strong><\/h3>\r\n<h3 style=\"text-align: right;\"><span style=\"color: #0000ff;\">Za dosp\u011bl\u00e9ho 80,- K\u010d, za d\u00edt\u011b 50,-K\u010d.\u202f<\/span><\/h3>\r\n<h3 style=\"text-align: right;\">\r\n\r\n<\/h3>\r\n<h3 style=\"text-align: right;\">\r\n\r\n<\/h3>\r\n<h3>\u00a0<\/h3>\r\n<h3 style=\"text-align: right;\"><strong>Kde se daj\u00ed vstupenky zakoupit?<\/strong><\/h3>\r\n<h3 style=\"text-align: right;\">\r\n\r\n<\/h3>\r\n<h4 style=\"text-align: right;\"><span style=\"color: #0000ff;\">Vstupenky lze zakoupit v p\u0159edprodeji, kter\u00fd je v\u017edy v\u010das ohl\u00e1\u0161en, v informa\u010dn\u00ed <\/span><\/h4>\r\n<h4 style=\"text-align: right;\"><span style=\"color: #0000ff;\">kancel\u00e1\u0159i Blanka v Blansku, nebo pot\u00e9 v den pochodu na m\u00edst\u011b startu.\u202f<\/span><\/h4>\r\n<h4>\u00a0<\/h4>\r\n<h4 style=\"text-align: right;\"><span style=\"color: #0000ff;\">\u202f<\/span><strong>Je trasa p\u0159izp\u016fsoben\u00e1 ko\u010d\u00e1rk\u016fm?<\/strong><\/h4>\r\n<h3 style=\"text-align: right;\">\r\n\r\n<\/h3>\r\n<h3 style=\"text-align: right;\">\r\n\r\n<\/h3>\r\n<h4 style=\"text-align: right;\"><span style=\"color: #0000ff;\">Cel\u00e1 tra\u0165 pochodu vede lesem, po lesn\u00edch cest\u00e1ch a ne v\u017edy je ter\u00e9n uzp\u016fsoben\u00fd na ko\u010d\u00e1rky. <\/span><\/h4>\r\n<h4 style=\"text-align: right;\"><span style=\"color: #0000ff;\">Proto rad\u011bji doporu\u010dujeme ko\u010d\u00e1rek nebrat. Je to na vlastn\u00ed uv\u00e1\u017een\u00ed!\u202f\u202f<\/span><\/h4>\r\n<h3 style=\"text-align: right;\">\r\n\r\n<\/h3>\r\n<h3>\u00a0<\/h3>\r\n<h3 style=\"text-align: right;\"><strong>Jak dlouh\u00e1 je tra\u0165 pochodu?<\/strong><\/h3>\r\n<h3 style=\"text-align: right;\">\r\n\r\n<\/h3>\r\n<h4 style=\"text-align: right;\"><span style=\"color: #0000ff;\">Tra\u0165 pochodu je dlouh\u00e1 p\u0159ibli\u017en\u011b 2 a\u017e 3 kilometry.\u202f\u202f<\/span><\/h4>\r\n<h3 style=\"text-align: right;\">\r\n\r\n<\/h3>\r\n<h3>\u00a0<\/h3>\r\n<h3 style=\"text-align: right;\"><strong>Kdy cel\u00e1 akce za\u010d\u00edn\u00e1?<\/strong><\/h3>\r\n<h3 style=\"text-align: right;\">\r\n\r\n<\/h3>\r\n<h4 style=\"text-align: right;\"><span style=\"color: #0000ff;\">Na start m\u016f\u017eete doch\u00e1zet v \u010dasov\u00e9m rozmez\u00ed od 14:00 do 17:00, <\/span><\/h4>\r\n<h4 style=\"text-align: right;\"><span style=\"color: #0000ff;\">v tuto dobu prob\u00edh\u00e1 i koup\u011b l\u00edstk\u016f pro ty, kte\u0159\u00ed l\u00edstky nemaj\u00ed zakoupen\u00e9 z p\u0159edprodeje.\u202f<\/span><\/h4>\r\n<h3 style=\"text-align: right;\">\r\n\r\n<\/h3>\r\n<h3>\u00a0<\/h3>\r\n<h3 style=\"text-align: right;\"><strong>Kon\u00e1 se akce za ka\u017ed\u00e9ho po\u010das\u00ed?<\/strong><\/h3>\r\n<h3 style=\"text-align: right;\">\r\n\r\n<\/h3>\r\n<h4 style=\"text-align: right;\"><span style=\"color: #0000ff;\">Ano, akce se kon\u00e1 za ka\u017ed\u00e9ho po\u010das\u00ed.\u202f<\/span><\/h4>\r\n<h4>\u00a0<\/h4>\r\n<h3 style=\"text-align: right;\"><strong>Jak je to s ob\u010derstven\u00edm?<\/strong><\/h3>\r\n<h3 style=\"text-align: right;\">\r\n\r\n<\/h3>\r\n<h3 style=\"text-align: right;\">\r\n\r\n<\/h3>\r\n<h4 style=\"text-align: right;\"><span style=\"color: #0000ff;\">Ob\u010derstven\u00ed na v\u00e1s \u010dek\u00e1 na konci cel\u00e9ho pochodu a je mo\u017en\u00e9 zakoupit i p\u00e1rky na op\u00e9k\u00e1n\u00ed.\u202f<\/span><\/h4>\r\n","protected":false},"excerpt":{"rendered":"<p>Kolik stoj\u00ed vstupn\u00e9 na akci?\u202f Za dosp\u011bl\u00e9ho 80,- K\u010d, za d\u00edt\u011b 50,-K\u010d.\u202f \u00a0 Kde se daj\u00ed vstupenky zakoupit? Vstupenky lze zakoupit v p\u0159edprodeji, kter\u00fd je v\u017edy v\u010das ohl\u00e1\u0161en, v informa\u010dn\u00ed kancel\u00e1\u0159i Blanka v Blansku, nebo pot\u00e9 v den pochodu na m\u00edst\u011b startu.\u202f \u00a0 \u202fJe trasa p\u0159izp\u016fsoben\u00e1 ko\u010d\u00e1rk\u016fm? Cel\u00e1 tra\u0165 pochodu vede lesem, po lesn\u00edch cest\u00e1ch&#8230;<\/p>\n","protected":false},"author":1,"featured_media":0,"parent":0,"menu_order":0,"comment_status":"closed","ping_status":"closed","template":"","meta":{"footnotes":""},"_links":{"self":[{"href":"https:\/\/pojdte-s-nami-za-pohadkou.cz\/index.php\/wp-json\/wp\/v2\/pages\/29"}],"collection":[{"href":"https:\/\/pojdte-s-nami-za-pohadkou.cz\/index.php\/wp-json\/wp\/v2\/pages"}],"about":[{"href":"https:\/\/pojdte-s-nami-za-pohadkou.cz\/index.php\/wp-json\/wp\/v2\/types\/page"}],"author":[{"embeddable":true,"href":"https:\/\/pojdte-s-nami-za-pohadkou.cz\/index.php\/wp-json\/wp\/v2\/users\/1"}],"replies":[{"embeddable":true,"href":"https:\/\/pojdte-s-nami-za-pohadkou.cz\/index.php\/wp-json\/wp\/v2\/comments?post=29"}],"version-history":[{"count":14,"href":"https:\/\/pojdte-s-nami-za-pohadkou.cz\/index.php\/wp-json\/wp\/v2\/pages\/29\/revisions"}],"predecessor-version":[{"id":944,"href":"https:\/\/pojdte-s-nami-za-pohadkou.cz\/index.php\/wp-json\/wp\/v2\/pages\/29\/revisions\/944"}],"wp:attachment":[{"href":"https:\/\/pojdte-s-nami-za-pohadkou.cz\/index.php\/wp-json\/wp\/v2\/media?parent=29"}],"curies":[{"name":"wp","href":"https:\/\/api.w.org\/{rel}","templated":true}]}}