{"id":30,"date":"2024-01-06T22:03:50","date_gmt":"2024-01-06T21:03:50","guid":{"rendered":"https:\/\/pojdte-s-nami-za-pohadkou.cz\/?page_id=30"},"modified":"2024-04-30T10:42:03","modified_gmt":"2024-04-30T09:42:03","slug":"fotogalerie","status":"publish","type":"page","link":"https:\/\/pojdte-s-nami-za-pohadkou.cz\/index.php\/fotogalerie\/","title":{"rendered":"Fotogalerie"},"content":{"rendered":"\r\n<h1 style=\"text-align: right;\"><strong><span style=\"color: #ff0000;\">Fotogalerie<\/span><\/strong><\/h1>\r\n<p>&nbsp;<\/p>\r\n<h1 style=\"text-align: right;\"><span style=\"color: #ff0000;\">Postupn\u011b budeme p\u0159id\u00e1vat fotografie z uplynul\u00edch ro\u010dn\u00edk\u016f na\u0161eho charitativn\u00edho poh\u00e1dkov\u00e9ho pochodu<\/span><\/h1>\r\n\r\n\r\n\r\n<figure class=\"wp-block-gallery has-nested-images columns-default is-cropped wp-block-gallery-1 is-layout-flex wp-block-gallery-is-layout-flex\"><\/figure>\r\n","protected":false},"excerpt":{"rendered":"<p>Fotogalerie &nbsp; Postupn\u011b budeme p\u0159id\u00e1vat fotografie z uplynul\u00edch ro\u010dn\u00edk\u016f na\u0161eho charitativn\u00edho poh\u00e1dkov\u00e9ho pochodu<\/p>\n","protected":false},"author":1,"featured_media":0,"parent":0,"menu_order":0,"comment_status":"closed","ping_status":"closed","template":"","meta":{"footnotes":""},"_links":{"self":[{"href":"https:\/\/pojdte-s-nami-za-pohadkou.cz\/index.php\/wp-json\/wp\/v2\/pages\/30"}],"collection":[{"href":"https:\/\/pojdte-s-nami-za-pohadkou.cz\/index.php\/wp-json\/wp\/v2\/pages"}],"about":[{"href":"https:\/\/pojdte-s-nami-za-pohadkou.cz\/index.php\/wp-json\/wp\/v2\/types\/page"}],"author":[{"embeddable":true,"href":"https:\/\/pojdte-s-nami-za-pohadkou.cz\/index.php\/wp-json\/wp\/v2\/users\/1"}],"replies":[{"embeddable":true,"href":"https:\/\/pojdte-s-nami-za-pohadkou.cz\/index.php\/wp-json\/wp\/v2\/comments?post=30"}],"version-history":[{"count":26,"href":"https:\/\/pojdte-s-nami-za-pohadkou.cz\/index.php\/wp-json\/wp\/v2\/pages\/30\/revisions"}],"predecessor-version":[{"id":939,"href":"https:\/\/pojdte-s-nami-za-pohadkou.cz\/index.php\/wp-json\/wp\/v2\/pages\/30\/revisions\/939"}],"wp:attachment":[{"href":"https:\/\/pojdte-s-nami-za-pohadkou.cz\/index.php\/wp-json\/wp\/v2\/media?parent=30"}],"curies":[{"name":"wp","href":"https:\/\/api.w.org\/{rel}","templated":true}]}}