{"id":32,"date":"2024-01-06T22:03:50","date_gmt":"2024-01-06T21:03:50","guid":{"rendered":"https:\/\/pojdte-s-nami-za-pohadkou.cz\/?page_id=32"},"modified":"2024-01-15T15:39:53","modified_gmt":"2024-01-15T14:39:53","slug":"kontakt","status":"publish","type":"page","link":"https:\/\/pojdte-s-nami-za-pohadkou.cz\/index.php\/kontakt\/","title":{"rendered":"Kontakt"},"content":{"rendered":"\r\n<h4 style=\"text-align: right;\">Nev\u00e1hejte n\u00e1s kontaktovat s jak\u00fdmkoliv dotazem.<\/h4>\r\n<h4 style=\"text-align: right;\">\r\n\r\n<\/h4>\r\n<h4 style=\"text-align: right;\">Zah\u00e1jen\u00ed akce na\u202f<\/h4>\r\n<h4 style=\"text-align: right;\">\r\n\r\n<\/h4>\r\n<h4 style=\"text-align: right;\">Purky\u0148ova 4, Blansko 678 01<\/h4>\r\n<h4 style=\"text-align: right;\">\r\n\r\n<\/h4>\r\n<h4 style=\"text-align: right;\">+420 739 078 528 &#8211; Pavel Bouda<\/h4>\r\n<h4 style=\"text-align: right;\">\r\n\r\n<\/h4>\r\n<h4 style=\"text-align: right;\">+420 777 240 290 &#8211; Ivan Je\u0159\u00e1bek<\/h4>\r\n<h4 style=\"text-align: right;\">\r\n\r\n<\/h4>\r\n<h4 style=\"text-align: right;\"><a href=\"mailto:pojdtesnamizapohadkou@gmail.com\">pojdtesnamizapohadkou@gmail.com<\/a><\/h4>\r\n<h4 style=\"text-align: right;\">\r\n\r\n<\/h4>\r\n<h4 style=\"text-align: right;\">Facebook<\/h4>\r\n<h4 style=\"text-align: right;\"><a href=\"https:\/\/www.facebook.com\/Pojdtesnamizapohadkou\"><img decoding=\"async\" loading=\"lazy\" class=\"alignright wp-image-460\" src=\"https:\/\/pojdte-s-nami-za-pohadkou.cz\/wp-content\/uploads\/2024\/01\/Facebook_icon.svg_.png\" alt=\"\" width=\"89\" height=\"89\" srcset=\"https:\/\/pojdte-s-nami-za-pohadkou.cz\/wp-content\/uploads\/2024\/01\/Facebook_icon.svg_.png 256w, https:\/\/pojdte-s-nami-za-pohadkou.cz\/wp-content\/uploads\/2024\/01\/Facebook_icon.svg_-150x150.png 150w\" sizes=\"(max-width: 89px) 100vw, 89px\" \/><\/a><\/h4>\r\n<h4 style=\"text-align: right;\">\u00a0<\/h4>\r\n<h4 style=\"text-align: right;\">\u00a0<\/h4>\r\n<h4 style=\"text-align: right;\">\u00a0<\/h4>\r\n<h4 style=\"text-align: right;\"><span style=\"text-decoration: underline;\"><strong>N\u00ed\u017ee si m\u016f\u017eete tak\u00e9 prohl\u00e9dnou ve\u0161ker\u00e9 pot\u0159ebn\u00e9 dokumenty.<\/strong><\/span><\/h4>\r\n<style>#jtg-416 .modula-item .jtg-social a, .lightbox-socials.jtg-social a{ color: #ffffff }#jtg-416 .modula-item .jtg-social svg, .lightbox-socials.jtg-social svg { height: 16px; width: 16px }#jtg-416 .modula-item .jtg-social a:not(:last-child), .lightbox-socials.jtg-social a:not(:last-child) { margin-right: 10px }#jtg-416 .modula-item .figc {color:#ffffff;}#jtg-416 .modula-item .modula-item-content { transform: scale(1) }#jtg-416 { width:100%;}#jtg-416 .modula-items .figc p.description { font-size:14px; }#jtg-416 .modula-items .figc p.description { color:#ffffff;}#jtg-416.modula-gallery .modula-item > a, #jtg-416.modula-gallery .modula-item, #jtg-416.modula-gallery .modula-item-content > a:not(.modula-no-follow) { cursor:zoom-in; } #jtg-416.modula-gallery .modula-item-content .modula-no-follow { cursor: default; } @media screen and (max-width:480px){#jtg-416 .modula-item .figc .jtg-title {  font-size: 12px; }#jtg-416 .modula-items .figc p.description { color:#ffffff;font-size:10px; }}<\/style>\n<!-- Gallery Container -->\n<div  id=\"jtg-416\" class=\"modula modula-gallery modula-columns\" data-config=\"{&quot;tabletHeight&quot;:0,&quot;mobileHeight&quot;:0,&quot;desktopHeight&quot;:0,&quot;enableTwitter&quot;:false,&quot;enableWhatsapp&quot;:false,&quot;enableFacebook&quot;:false,&quot;enablePinterest&quot;:false,&quot;enableLinkedin&quot;:false,&quot;enableEmail&quot;:false,&quot;randomFactor&quot;:0,&quot;type&quot;:&quot;grid&quot;,&quot;columns&quot;:12,&quot;gutter&quot;:10,&quot;mobileGutter&quot;:10,&quot;tabletGutter&quot;:10,&quot;desktopGutter&quot;:10,&quot;enableResponsive&quot;:&quot;0&quot;,&quot;tabletColumns&quot;:&quot;2&quot;,&quot;mobileColumns&quot;:&quot;1&quot;,&quot;lazyLoad&quot;:&quot;1&quot;,&quot;lightboxOpts&quot;:{&quot;loop&quot;:false,&quot;arrows&quot;:true,&quot;toolbar&quot;:true,&quot;keyboard&quot;:true,&quot;wheel&quot;:false,&quot;buttons&quot;:[&quot;close&quot;],&quot;hash&quot;:false,&quot;lang&quot;:&quot;en&quot;,&quot;touch&quot;:false,&quot;protect&quot;:false,&quot;i18n&quot;:{&quot;en&quot;:{&quot;CLOSE&quot;:&quot;Close&quot;,&quot;NEXT&quot;:&quot;Next&quot;,&quot;PREV&quot;:&quot;Previous&quot;,&quot;Error&quot;:&quot;The requested content cannot be loaded. Please try again later.&quot;,&quot;PLAY_START&quot;:&quot;Start slideshow&quot;,&quot;PLAY_STOP&quot;:&quot;Pause slideshow&quot;,&quot;FULL_SCREEN&quot;:&quot;Full screen&quot;,&quot;THUMBS&quot;:&quot;Thumbnails&quot;,&quot;DOWNLOAD&quot;:&quot;Download&quot;,&quot;SHARE&quot;:&quot;Share&quot;,&quot;ZOOM&quot;:&quot;Zoom&quot;}},&quot;clickSlide&quot;:false,&quot;clickOutside&quot;:false,&quot;dblclickContent&quot;:false,&quot;dblclickSlide&quot;:false,&quot;dblclickOutside&quot;:false,&quot;clickContent&quot;:false,&quot;baseTpl&quot;:&quot;&lt;div class=\\&quot;modula-fancybox-container modula-lightbox-jtg-416\\&quot; role=\\&quot;dialog\\&quot; tabindex=\\&quot;-1\\&quot;&gt;&lt;div class=\\&quot;modula-fancybox-bg\\&quot;&gt;&lt;\\\/div&gt;&lt;div class=\\&quot;modula-fancybox-inner\\&quot;&gt;&lt;div class=\\&quot;modula-fancybox-infobar\\&quot;&gt;&lt;span data-fancybox-index&gt;&lt;\\\/span&gt;&nbsp;\\\/&nbsp;&lt;span data-fancybox-count&gt;&lt;\\\/span&gt;&lt;\\\/div&gt;&lt;div class=\\&quot;modula-fancybox-toolbar\\&quot;&gt;{{buttons}}&lt;\\\/div&gt;&lt;div class=\\&quot;modula-fancybox-navigation\\&quot;&gt;{{arrows}}&lt;\\\/div&gt;&lt;div class=\\&quot;modula-fancybox-stage\\&quot;&gt;&lt;\\\/div&gt;&lt;div class=\\&quot;modula-fancybox-caption\\&quot;&gt;&lt;div class=\\&quot;modula-fancybox-caption__body\\&quot;&gt;&lt;\\\/div&gt;&lt;\\\/div&gt;&lt;\\\/div&gt;&lt;\\\/div&gt;&quot;},&quot;inView&quot;:false,&quot;email_subject&quot;:&quot;Check out this awesome image !!&quot;,&quot;email_message&quot;:&quot;Here is the link to the image : %%image_link%% and this is the link to the gallery : %%gallery_link%%&quot;,&quot;grid_type&quot;:&quot;automatic&quot;,&quot;rowHeight&quot;:100,&quot;lastRow&quot;:&quot;justify&quot;,&quot;lightbox&quot;:&quot;fancybox&quot;}\">\n\n\t\n\t<!-- Items Container -->\n\t<div  class=\"modula-items grid-gallery\">\n\t\t<div class=\"modula-item effect-pufrobo\" >\n\t<div class=\"modula-item-overlay\"><\/div>\n\n\t<div class=\"modula-item-content\">\n\n\t\t\t\t\n\t\t\t\t\t<a data-image-id=\"418\" rel=\"jtg-416\" data-caption=\"\" aria-label=\"Open image in lightbox\" class=\"tile-inner modula-item-link\"><\/a>\n\t\t\n\t\t<img class=\"pic wp-image-418 lazyload\"  data-valign=\"middle\" data-halign=\"center\" alt=\"\" data-full=\"https:\/\/pojdte-s-nami-za-pohadkou.cz\/wp-content\/uploads\/2024\/01\/2.jpg\" title=\"2\" width=\"219\" height=\"300\" data-src=\"https:\/\/pojdte-s-nami-za-pohadkou.cz\/wp-content\/uploads\/2024\/01\/2-219x300.jpg\" data-caption=\"\" data-source=\"modula\" data-srcset=\"https:\/\/pojdte-s-nami-za-pohadkou.cz\/wp-content\/uploads\/2024\/01\/2.jpg 716w, https:\/\/pojdte-s-nami-za-pohadkou.cz\/wp-content\/uploads\/2024\/01\/2-219x300.jpg 219w, https:\/\/pojdte-s-nami-za-pohadkou.cz\/wp-content\/uploads\/2024\/01\/2-300x411.jpg 300w\" data-sizes=\"(max-width: 219px) 100vw, 219px\" \/>\n\t\t<div class=\"figc no-description\">\n\t\t\t<div class=\"figc-inner\">\n\t\t\t\t\t\t\t\t\t\t\t\t\t\t\t<\/div>\n\t\t<\/div>\n\n\t<\/div>\n\n<\/div><div class=\"modula-item effect-pufrobo\" >\n\t<div class=\"modula-item-overlay\"><\/div>\n\n\t<div class=\"modula-item-content\">\n\n\t\t\t\t\n\t\t\t\t\t<a data-image-id=\"419\" rel=\"jtg-416\" data-caption=\"\" aria-label=\"Open image in lightbox\" class=\"tile-inner modula-item-link\"><\/a>\n\t\t\n\t\t<img class=\"pic wp-image-419 lazyload\"  data-valign=\"middle\" data-halign=\"center\" alt=\"\" data-full=\"https:\/\/pojdte-s-nami-za-pohadkou.cz\/wp-content\/uploads\/2024\/01\/3.jpg\" title=\"3\" width=\"215\" height=\"300\" data-src=\"https:\/\/pojdte-s-nami-za-pohadkou.cz\/wp-content\/uploads\/2024\/01\/3-215x300.jpg\" data-caption=\"\" data-source=\"modula\" data-srcset=\"https:\/\/pojdte-s-nami-za-pohadkou.cz\/wp-content\/uploads\/2024\/01\/3.jpg 708w, https:\/\/pojdte-s-nami-za-pohadkou.cz\/wp-content\/uploads\/2024\/01\/3-215x300.jpg 215w, https:\/\/pojdte-s-nami-za-pohadkou.cz\/wp-content\/uploads\/2024\/01\/3-300x419.jpg 300w\" data-sizes=\"(max-width: 215px) 100vw, 215px\" \/>\n\t\t<div class=\"figc no-description\">\n\t\t\t<div class=\"figc-inner\">\n\t\t\t\t\t\t\t\t\t\t\t\t\t\t\t<\/div>\n\t\t<\/div>\n\n\t<\/div>\n\n<\/div><div class=\"modula-item effect-pufrobo\" >\n\t<div class=\"modula-item-overlay\"><\/div>\n\n\t<div class=\"modula-item-content\">\n\n\t\t\t\t\n\t\t\t\t\t<a data-image-id=\"420\" rel=\"jtg-416\" data-caption=\"\" aria-label=\"Open image in lightbox\" class=\"tile-inner modula-item-link\"><\/a>\n\t\t\n\t\t<img class=\"pic wp-image-420 lazyload\"  data-valign=\"middle\" data-halign=\"center\" alt=\"\" data-full=\"https:\/\/pojdte-s-nami-za-pohadkou.cz\/wp-content\/uploads\/2024\/01\/4.jpg\" title=\"4\" width=\"212\" height=\"300\" data-src=\"https:\/\/pojdte-s-nami-za-pohadkou.cz\/wp-content\/uploads\/2024\/01\/4-212x300.jpg\" data-caption=\"\" data-source=\"modula\" data-srcset=\"https:\/\/pojdte-s-nami-za-pohadkou.cz\/wp-content\/uploads\/2024\/01\/4.jpg 713w, https:\/\/pojdte-s-nami-za-pohadkou.cz\/wp-content\/uploads\/2024\/01\/4-212x300.jpg 212w, https:\/\/pojdte-s-nami-za-pohadkou.cz\/wp-content\/uploads\/2024\/01\/4-300x424.jpg 300w\" data-sizes=\"(max-width: 212px) 100vw, 212px\" \/>\n\t\t<div class=\"figc no-description\">\n\t\t\t<div class=\"figc-inner\">\n\t\t\t\t\t\t\t\t\t\t\t\t\t\t\t<\/div>\n\t\t<\/div>\n\n\t<\/div>\n\n<\/div><div class=\"modula-item effect-pufrobo\" >\n\t<div class=\"modula-item-overlay\"><\/div>\n\n\t<div class=\"modula-item-content\">\n\n\t\t\t\t\n\t\t\t\t\t<a data-image-id=\"421\" rel=\"jtg-416\" data-caption=\"\" aria-label=\"Open image in lightbox\" class=\"tile-inner modula-item-link\"><\/a>\n\t\t\n\t\t<img class=\"pic wp-image-421 lazyload\"  data-valign=\"middle\" data-halign=\"center\" alt=\"\" data-full=\"https:\/\/pojdte-s-nami-za-pohadkou.cz\/wp-content\/uploads\/2024\/01\/5.jpg\" title=\"5\" width=\"211\" height=\"300\" data-src=\"https:\/\/pojdte-s-nami-za-pohadkou.cz\/wp-content\/uploads\/2024\/01\/5-211x300.jpg\" data-caption=\"\" data-source=\"modula\" data-srcset=\"https:\/\/pojdte-s-nami-za-pohadkou.cz\/wp-content\/uploads\/2024\/01\/5.jpg 711w, https:\/\/pojdte-s-nami-za-pohadkou.cz\/wp-content\/uploads\/2024\/01\/5-211x300.jpg 211w, https:\/\/pojdte-s-nami-za-pohadkou.cz\/wp-content\/uploads\/2024\/01\/5-300x426.jpg 300w\" data-sizes=\"(max-width: 211px) 100vw, 211px\" \/>\n\t\t<div class=\"figc no-description\">\n\t\t\t<div class=\"figc-inner\">\n\t\t\t\t\t\t\t\t\t\t\t\t\t\t\t<\/div>\n\t\t<\/div>\n\n\t<\/div>\n\n<\/div><div class=\"modula-item effect-pufrobo\" >\n\t<div class=\"modula-item-overlay\"><\/div>\n\n\t<div class=\"modula-item-content\">\n\n\t\t\t\t\n\t\t\t\t\t<a data-image-id=\"422\" rel=\"jtg-416\" data-caption=\"\" aria-label=\"Open image in lightbox\" class=\"tile-inner modula-item-link\"><\/a>\n\t\t\n\t\t<img class=\"pic wp-image-422 lazyload\"  data-valign=\"middle\" data-halign=\"center\" alt=\"\" data-full=\"https:\/\/pojdte-s-nami-za-pohadkou.cz\/wp-content\/uploads\/2024\/01\/6.jpg\" title=\"6\" width=\"212\" height=\"300\" data-src=\"https:\/\/pojdte-s-nami-za-pohadkou.cz\/wp-content\/uploads\/2024\/01\/6-212x300.jpg\" data-caption=\"\" data-source=\"modula\" data-srcset=\"https:\/\/pojdte-s-nami-za-pohadkou.cz\/wp-content\/uploads\/2024\/01\/6.jpg 713w, https:\/\/pojdte-s-nami-za-pohadkou.cz\/wp-content\/uploads\/2024\/01\/6-212x300.jpg 212w, https:\/\/pojdte-s-nami-za-pohadkou.cz\/wp-content\/uploads\/2024\/01\/6-300x424.jpg 300w\" data-sizes=\"(max-width: 212px) 100vw, 212px\" \/>\n\t\t<div class=\"figc no-description\">\n\t\t\t<div class=\"figc-inner\">\n\t\t\t\t\t\t\t\t\t\t\t\t\t\t\t<\/div>\n\t\t<\/div>\n\n\t<\/div>\n\n<\/div><div class=\"modula-item effect-pufrobo\" >\n\t<div class=\"modula-item-overlay\"><\/div>\n\n\t<div class=\"modula-item-content\">\n\n\t\t\t\t\n\t\t\t\t\t<a data-image-id=\"423\" rel=\"jtg-416\" data-caption=\"\" aria-label=\"Open image in lightbox\" class=\"tile-inner modula-item-link\"><\/a>\n\t\t\n\t\t<img class=\"pic wp-image-423 lazyload\"  data-valign=\"middle\" data-halign=\"center\" alt=\"\" data-full=\"https:\/\/pojdte-s-nami-za-pohadkou.cz\/wp-content\/uploads\/2024\/01\/7.jpg\" title=\"7\" width=\"214\" height=\"300\" data-src=\"https:\/\/pojdte-s-nami-za-pohadkou.cz\/wp-content\/uploads\/2024\/01\/7-214x300.jpg\" data-caption=\"\" data-source=\"modula\" data-srcset=\"https:\/\/pojdte-s-nami-za-pohadkou.cz\/wp-content\/uploads\/2024\/01\/7.jpg 713w, https:\/\/pojdte-s-nami-za-pohadkou.cz\/wp-content\/uploads\/2024\/01\/7-214x300.jpg 214w, https:\/\/pojdte-s-nami-za-pohadkou.cz\/wp-content\/uploads\/2024\/01\/7-300x420.jpg 300w\" data-sizes=\"(max-width: 214px) 100vw, 214px\" \/>\n\t\t<div class=\"figc no-description\">\n\t\t\t<div class=\"figc-inner\">\n\t\t\t\t\t\t\t\t\t\t\t\t\t\t\t<\/div>\n\t\t<\/div>\n\n\t<\/div>\n\n<\/div><div class=\"modula-item effect-pufrobo\" >\n\t<div class=\"modula-item-overlay\"><\/div>\n\n\t<div class=\"modula-item-content\">\n\n\t\t\t\t\n\t\t\t\t\t<a data-image-id=\"424\" rel=\"jtg-416\" data-caption=\"\" aria-label=\"Open image in lightbox\" class=\"tile-inner modula-item-link\"><\/a>\n\t\t\n\t\t<img class=\"pic wp-image-424 lazyload\"  data-valign=\"middle\" data-halign=\"center\" alt=\"\" data-full=\"https:\/\/pojdte-s-nami-za-pohadkou.cz\/wp-content\/uploads\/2024\/01\/8.jpg\" title=\"8\" width=\"211\" height=\"300\" data-src=\"https:\/\/pojdte-s-nami-za-pohadkou.cz\/wp-content\/uploads\/2024\/01\/8-211x300.jpg\" data-caption=\"\" data-source=\"modula\" data-srcset=\"https:\/\/pojdte-s-nami-za-pohadkou.cz\/wp-content\/uploads\/2024\/01\/8.jpg 705w, https:\/\/pojdte-s-nami-za-pohadkou.cz\/wp-content\/uploads\/2024\/01\/8-211x300.jpg 211w, https:\/\/pojdte-s-nami-za-pohadkou.cz\/wp-content\/uploads\/2024\/01\/8-300x426.jpg 300w\" data-sizes=\"(max-width: 211px) 100vw, 211px\" \/>\n\t\t<div class=\"figc no-description\">\n\t\t\t<div class=\"figc-inner\">\n\t\t\t\t\t\t\t\t\t\t\t\t\t\t\t<\/div>\n\t\t<\/div>\n\n\t<\/div>\n\n<\/div><div class=\"modula-item effect-pufrobo\" >\n\t<div class=\"modula-item-overlay\"><\/div>\n\n\t<div class=\"modula-item-content\">\n\n\t\t\t\t\n\t\t\t\t\t<a data-image-id=\"425\" rel=\"jtg-416\" data-caption=\"\" aria-label=\"Open image in lightbox\" class=\"tile-inner modula-item-link\"><\/a>\n\t\t\n\t\t<img class=\"pic wp-image-425 lazyload\"  data-valign=\"middle\" data-halign=\"center\" alt=\"\" data-full=\"https:\/\/pojdte-s-nami-za-pohadkou.cz\/wp-content\/uploads\/2024\/01\/9.jpg\" title=\"9\" width=\"211\" height=\"300\" data-src=\"https:\/\/pojdte-s-nami-za-pohadkou.cz\/wp-content\/uploads\/2024\/01\/9-211x300.jpg\" data-caption=\"\" data-source=\"modula\" data-srcset=\"https:\/\/pojdte-s-nami-za-pohadkou.cz\/wp-content\/uploads\/2024\/01\/9.jpg 702w, https:\/\/pojdte-s-nami-za-pohadkou.cz\/wp-content\/uploads\/2024\/01\/9-211x300.jpg 211w, https:\/\/pojdte-s-nami-za-pohadkou.cz\/wp-content\/uploads\/2024\/01\/9-300x427.jpg 300w\" data-sizes=\"(max-width: 211px) 100vw, 211px\" \/>\n\t\t<div class=\"figc no-description\">\n\t\t\t<div class=\"figc-inner\">\n\t\t\t\t\t\t\t\t\t\t\t\t\t\t\t<\/div>\n\t\t<\/div>\n\n\t<\/div>\n\n<\/div><div class=\"modula-item effect-pufrobo\" >\n\t<div class=\"modula-item-overlay\"><\/div>\n\n\t<div class=\"modula-item-content\">\n\n\t\t\t\t\n\t\t\t\t\t<a data-image-id=\"426\" rel=\"jtg-416\" data-caption=\"\" aria-label=\"Open image in lightbox\" class=\"tile-inner modula-item-link\"><\/a>\n\t\t\n\t\t<img class=\"pic wp-image-426 lazyload\"  data-valign=\"middle\" data-halign=\"center\" alt=\"\" data-full=\"https:\/\/pojdte-s-nami-za-pohadkou.cz\/wp-content\/uploads\/2024\/01\/10.jpg\" title=\"10\" width=\"209\" height=\"300\" data-src=\"https:\/\/pojdte-s-nami-za-pohadkou.cz\/wp-content\/uploads\/2024\/01\/10-209x300.jpg\" data-caption=\"\" data-source=\"modula\" data-srcset=\"https:\/\/pojdte-s-nami-za-pohadkou.cz\/wp-content\/uploads\/2024\/01\/10.jpg 702w, https:\/\/pojdte-s-nami-za-pohadkou.cz\/wp-content\/uploads\/2024\/01\/10-209x300.jpg 209w, https:\/\/pojdte-s-nami-za-pohadkou.cz\/wp-content\/uploads\/2024\/01\/10-300x431.jpg 300w\" data-sizes=\"(max-width: 209px) 100vw, 209px\" \/>\n\t\t<div class=\"figc no-description\">\n\t\t\t<div class=\"figc-inner\">\n\t\t\t\t\t\t\t\t\t\t\t\t\t\t\t<\/div>\n\t\t<\/div>\n\n\t<\/div>\n\n<\/div><div class=\"modula-item effect-pufrobo\" >\n\t<div class=\"modula-item-overlay\"><\/div>\n\n\t<div class=\"modula-item-content\">\n\n\t\t\t\t\n\t\t\t\t\t<a data-image-id=\"427\" rel=\"jtg-416\" data-caption=\"\" aria-label=\"Open image in lightbox\" class=\"tile-inner modula-item-link\"><\/a>\n\t\t\n\t\t<img class=\"pic wp-image-427 lazyload\"  data-valign=\"middle\" data-halign=\"center\" alt=\"\" data-full=\"https:\/\/pojdte-s-nami-za-pohadkou.cz\/wp-content\/uploads\/2024\/01\/11.jpg\" title=\"11\" width=\"213\" height=\"300\" data-src=\"https:\/\/pojdte-s-nami-za-pohadkou.cz\/wp-content\/uploads\/2024\/01\/11-213x300.jpg\" data-caption=\"\" data-source=\"modula\" data-srcset=\"https:\/\/pojdte-s-nami-za-pohadkou.cz\/wp-content\/uploads\/2024\/01\/11.jpg 713w, https:\/\/pojdte-s-nami-za-pohadkou.cz\/wp-content\/uploads\/2024\/01\/11-213x300.jpg 213w, https:\/\/pojdte-s-nami-za-pohadkou.cz\/wp-content\/uploads\/2024\/01\/11-300x422.jpg 300w\" data-sizes=\"(max-width: 213px) 100vw, 213px\" \/>\n\t\t<div class=\"figc no-description\">\n\t\t\t<div class=\"figc-inner\">\n\t\t\t\t\t\t\t\t\t\t\t\t\t\t\t<\/div>\n\t\t<\/div>\n\n\t<\/div>\n\n<\/div><div class=\"modula-item effect-pufrobo\" >\n\t<div class=\"modula-item-overlay\"><\/div>\n\n\t<div class=\"modula-item-content\">\n\n\t\t\t\t\n\t\t\t\t\t<a data-image-id=\"428\" rel=\"jtg-416\" data-caption=\"\" aria-label=\"Open image in lightbox\" class=\"tile-inner modula-item-link\"><\/a>\n\t\t\n\t\t<img class=\"pic wp-image-428 lazyload\"  data-valign=\"middle\" data-halign=\"center\" alt=\"\" data-full=\"https:\/\/pojdte-s-nami-za-pohadkou.cz\/wp-content\/uploads\/2024\/01\/12.jpg\" title=\"12\" width=\"214\" height=\"300\" data-src=\"https:\/\/pojdte-s-nami-za-pohadkou.cz\/wp-content\/uploads\/2024\/01\/12-214x300.jpg\" data-caption=\"\" data-source=\"modula\" data-srcset=\"https:\/\/pojdte-s-nami-za-pohadkou.cz\/wp-content\/uploads\/2024\/01\/12.jpg 708w, https:\/\/pojdte-s-nami-za-pohadkou.cz\/wp-content\/uploads\/2024\/01\/12-214x300.jpg 214w, https:\/\/pojdte-s-nami-za-pohadkou.cz\/wp-content\/uploads\/2024\/01\/12-300x421.jpg 300w\" data-sizes=\"(max-width: 214px) 100vw, 214px\" \/>\n\t\t<div class=\"figc no-description\">\n\t\t\t<div class=\"figc-inner\">\n\t\t\t\t\t\t\t\t\t\t\t\t\t\t\t<\/div>\n\t\t<\/div>\n\n\t<\/div>\n\n<\/div><div class=\"modula-item effect-pufrobo\" >\n\t<div class=\"modula-item-overlay\"><\/div>\n\n\t<div class=\"modula-item-content\">\n\n\t\t\t\t\n\t\t\t\t\t<a data-image-id=\"429\" rel=\"jtg-416\" data-caption=\"\" aria-label=\"Open image in lightbox\" class=\"tile-inner modula-item-link\"><\/a>\n\t\t\n\t\t<img class=\"pic wp-image-429 lazyload\"  data-valign=\"middle\" data-halign=\"center\" alt=\"\" data-full=\"https:\/\/pojdte-s-nami-za-pohadkou.cz\/wp-content\/uploads\/2024\/01\/13.jpg\" title=\"13\" width=\"211\" height=\"300\" data-src=\"https:\/\/pojdte-s-nami-za-pohadkou.cz\/wp-content\/uploads\/2024\/01\/13-211x300.jpg\" data-caption=\"\" data-source=\"modula\" data-srcset=\"https:\/\/pojdte-s-nami-za-pohadkou.cz\/wp-content\/uploads\/2024\/01\/13.jpg 703w, https:\/\/pojdte-s-nami-za-pohadkou.cz\/wp-content\/uploads\/2024\/01\/13-211x300.jpg 211w, https:\/\/pojdte-s-nami-za-pohadkou.cz\/wp-content\/uploads\/2024\/01\/13-300x426.jpg 300w\" data-sizes=\"(max-width: 211px) 100vw, 211px\" \/>\n\t\t<div class=\"figc no-description\">\n\t\t\t<div class=\"figc-inner\">\n\t\t\t\t\t\t\t\t\t\t\t\t\t\t\t<\/div>\n\t\t<\/div>\n\n\t<\/div>\n\n<\/div><div class=\"modula-item effect-pufrobo\" >\n\t<div class=\"modula-item-overlay\"><\/div>\n\n\t<div class=\"modula-item-content\">\n\n\t\t\t\t\n\t\t\t\t\t<a data-image-id=\"430\" rel=\"jtg-416\" data-caption=\"\" aria-label=\"Open image in lightbox\" class=\"tile-inner modula-item-link\"><\/a>\n\t\t\n\t\t<img class=\"pic wp-image-430 lazyload\"  data-valign=\"middle\" data-halign=\"center\" alt=\"\" data-full=\"https:\/\/pojdte-s-nami-za-pohadkou.cz\/wp-content\/uploads\/2024\/01\/14.jpg\" title=\"14\" width=\"212\" height=\"300\" data-src=\"https:\/\/pojdte-s-nami-za-pohadkou.cz\/wp-content\/uploads\/2024\/01\/14-212x300.jpg\" data-caption=\"\" data-source=\"modula\" data-srcset=\"https:\/\/pojdte-s-nami-za-pohadkou.cz\/wp-content\/uploads\/2024\/01\/14.jpg 710w, https:\/\/pojdte-s-nami-za-pohadkou.cz\/wp-content\/uploads\/2024\/01\/14-212x300.jpg 212w, https:\/\/pojdte-s-nami-za-pohadkou.cz\/wp-content\/uploads\/2024\/01\/14-300x425.jpg 300w\" data-sizes=\"(max-width: 212px) 100vw, 212px\" \/>\n\t\t<div class=\"figc no-description\">\n\t\t\t<div class=\"figc-inner\">\n\t\t\t\t\t\t\t\t\t\t\t\t\t\t\t<\/div>\n\t\t<\/div>\n\n\t<\/div>\n\n<\/div><div class=\"modula-item effect-pufrobo\" >\n\t<div class=\"modula-item-overlay\"><\/div>\n\n\t<div class=\"modula-item-content\">\n\n\t\t\t\t\n\t\t\t\t\t<a data-image-id=\"431\" rel=\"jtg-416\" data-caption=\"\" aria-label=\"Open image in lightbox\" class=\"tile-inner modula-item-link\"><\/a>\n\t\t\n\t\t<img class=\"pic wp-image-431 lazyload\"  data-valign=\"middle\" data-halign=\"center\" alt=\"\" data-full=\"https:\/\/pojdte-s-nami-za-pohadkou.cz\/wp-content\/uploads\/2024\/01\/15.jpg\" title=\"15\" width=\"212\" height=\"300\" data-src=\"https:\/\/pojdte-s-nami-za-pohadkou.cz\/wp-content\/uploads\/2024\/01\/15-212x300.jpg\" data-caption=\"\" data-source=\"modula\" data-srcset=\"https:\/\/pojdte-s-nami-za-pohadkou.cz\/wp-content\/uploads\/2024\/01\/15.jpg 710w, https:\/\/pojdte-s-nami-za-pohadkou.cz\/wp-content\/uploads\/2024\/01\/15-212x300.jpg 212w, https:\/\/pojdte-s-nami-za-pohadkou.cz\/wp-content\/uploads\/2024\/01\/15-300x425.jpg 300w\" data-sizes=\"(max-width: 212px) 100vw, 212px\" \/>\n\t\t<div class=\"figc no-description\">\n\t\t\t<div class=\"figc-inner\">\n\t\t\t\t\t\t\t\t\t\t\t\t\t\t\t<\/div>\n\t\t<\/div>\n\n\t<\/div>\n\n<\/div><div class=\"modula-item effect-pufrobo\" >\n\t<div class=\"modula-item-overlay\"><\/div>\n\n\t<div class=\"modula-item-content\">\n\n\t\t\t\t\n\t\t\t\t\t<a data-image-id=\"432\" rel=\"jtg-416\" data-caption=\"\" aria-label=\"Open image in lightbox\" class=\"tile-inner modula-item-link\"><\/a>\n\t\t\n\t\t<img class=\"pic wp-image-432 lazyload\"  data-valign=\"middle\" data-halign=\"center\" alt=\"\" data-full=\"https:\/\/pojdte-s-nami-za-pohadkou.cz\/wp-content\/uploads\/2024\/01\/16.jpg\" title=\"16\" width=\"210\" height=\"300\" data-src=\"https:\/\/pojdte-s-nami-za-pohadkou.cz\/wp-content\/uploads\/2024\/01\/16-210x300.jpg\" data-caption=\"\" data-source=\"modula\" data-srcset=\"https:\/\/pojdte-s-nami-za-pohadkou.cz\/wp-content\/uploads\/2024\/01\/16.jpg 705w, https:\/\/pojdte-s-nami-za-pohadkou.cz\/wp-content\/uploads\/2024\/01\/16-210x300.jpg 210w, https:\/\/pojdte-s-nami-za-pohadkou.cz\/wp-content\/uploads\/2024\/01\/16-300x428.jpg 300w\" data-sizes=\"(max-width: 210px) 100vw, 210px\" \/>\n\t\t<div class=\"figc no-description\">\n\t\t\t<div class=\"figc-inner\">\n\t\t\t\t\t\t\t\t\t\t\t\t\t\t\t<\/div>\n\t\t<\/div>\n\n\t<\/div>\n\n<\/div><div class=\"modula-item effect-pufrobo\" >\n\t<div class=\"modula-item-overlay\"><\/div>\n\n\t<div class=\"modula-item-content\">\n\n\t\t\t\t\n\t\t\t\t\t<a data-image-id=\"433\" rel=\"jtg-416\" data-caption=\"\" aria-label=\"Open image in lightbox\" class=\"tile-inner modula-item-link\"><\/a>\n\t\t\n\t\t<img class=\"pic wp-image-433 lazyload\"  data-valign=\"middle\" data-halign=\"center\" alt=\"\" data-full=\"https:\/\/pojdte-s-nami-za-pohadkou.cz\/wp-content\/uploads\/2024\/01\/17.jpg\" title=\"17\" width=\"212\" height=\"300\" data-src=\"https:\/\/pojdte-s-nami-za-pohadkou.cz\/wp-content\/uploads\/2024\/01\/17-212x300.jpg\" data-caption=\"\" data-source=\"modula\" data-srcset=\"https:\/\/pojdte-s-nami-za-pohadkou.cz\/wp-content\/uploads\/2024\/01\/17.jpg 708w, https:\/\/pojdte-s-nami-za-pohadkou.cz\/wp-content\/uploads\/2024\/01\/17-212x300.jpg 212w, https:\/\/pojdte-s-nami-za-pohadkou.cz\/wp-content\/uploads\/2024\/01\/17-300x424.jpg 300w\" data-sizes=\"(max-width: 212px) 100vw, 212px\" \/>\n\t\t<div class=\"figc no-description\">\n\t\t\t<div class=\"figc-inner\">\n\t\t\t\t\t\t\t\t\t\t\t\t\t\t\t<\/div>\n\t\t<\/div>\n\n\t<\/div>\n\n<\/div>\t\t\n\t<\/div>\n\n\t\n\t\n\t<script type=\"application\/ld+json\">\n\t{\n\t\t\"@context\": \"http:\/\/schema.org\",\n\t\t\"@type\"   : \"ImageGallery\",\n\t\t\"id\"      : \"https:\/\/pojdte-s-nami-za-pohadkou.cz\/wp-json\/wp\/v2\/pages\/32\",\n\t\t\"url\"     : \"https:\/\/pojdte-s-nami-za-pohadkou.cz\/wp-json\/wp\/v2\/pages\/32\"\n\t}\n\n    <\/script>\n\n\t\n<\/div>\r\n","protected":false},"excerpt":{"rendered":"<p>Nev\u00e1hejte n\u00e1s kontaktovat s jak\u00fdmkoliv dotazem. Zah\u00e1jen\u00ed akce na\u202f Purky\u0148ova 4, Blansko 678 01 +420 739 078 528 &#8211; Pavel Bouda +420 777 240 290 &#8211; Ivan Je\u0159\u00e1bek pojdtesnamizapohadkou@gmail.com Facebook \u00a0 \u00a0 \u00a0 N\u00ed\u017ee si m\u016f\u017eete tak\u00e9 prohl\u00e9dnou ve\u0161ker\u00e9 pot\u0159ebn\u00e9 dokumenty.<\/p>\n","protected":false},"author":1,"featured_media":0,"parent":0,"menu_order":0,"comment_status":"closed","ping_status":"closed","template":"","meta":{"footnotes":""},"_links":{"self":[{"href":"https:\/\/pojdte-s-nami-za-pohadkou.cz\/index.php\/wp-json\/wp\/v2\/pages\/32"}],"collection":[{"href":"https:\/\/pojdte-s-nami-za-pohadkou.cz\/index.php\/wp-json\/wp\/v2\/pages"}],"about":[{"href":"https:\/\/pojdte-s-nami-za-pohadkou.cz\/index.php\/wp-json\/wp\/v2\/types\/page"}],"author":[{"embeddable":true,"href":"https:\/\/pojdte-s-nami-za-pohadkou.cz\/index.php\/wp-json\/wp\/v2\/users\/1"}],"replies":[{"embeddable":true,"href":"https:\/\/pojdte-s-nami-za-pohadkou.cz\/index.php\/wp-json\/wp\/v2\/comments?post=32"}],"version-history":[{"count":12,"href":"https:\/\/pojdte-s-nami-za-pohadkou.cz\/index.php\/wp-json\/wp\/v2\/pages\/32\/revisions"}],"predecessor-version":[{"id":517,"href":"https:\/\/pojdte-s-nami-za-pohadkou.cz\/index.php\/wp-json\/wp\/v2\/pages\/32\/revisions\/517"}],"wp:attachment":[{"href":"https:\/\/pojdte-s-nami-za-pohadkou.cz\/index.php\/wp-json\/wp\/v2\/media?parent=32"}],"curies":[{"name":"wp","href":"https:\/\/api.w.org\/{rel}","templated":true}]}}