{"id":70,"date":"2024-01-14T12:01:11","date_gmt":"2024-01-14T11:01:11","guid":{"rendered":"https:\/\/pojdte-s-nami-za-pohadkou.cz\/?page_id=70"},"modified":"2026-01-15T14:47:45","modified_gmt":"2026-01-15T13:47:45","slug":"novinky","status":"publish","type":"page","link":"https:\/\/pojdte-s-nami-za-pohadkou.cz\/","title":{"rendered":"Novinky"},"content":{"rendered":"<h1><\/h1>\n<h1 class=\"xdj266r x11i5rnm xat24cr x1mh8g0r x1vvkbs x126k92a\" style=\"text-align: center;\"><span style=\"color: #3366ff;\"><strong>V\u00fdt\u011b\u017eek z jubilejn\u00edho 10. ro\u010dn\u00edku <\/strong><\/span><span style=\"color: #3366ff;\"><strong><span style=\"color: #ff0000;\">K\u010d 140.000,-<\/span>\u00a0<\/strong><\/span><\/h1>\n<h1 class=\"xdj266r x11i5rnm xat24cr x1mh8g0r x1vvkbs x126k92a\" style=\"text-align: center;\"><span style=\"color: #3366ff;\"><strong>byl v\u011bnov\u00e1n<\/strong><\/span><\/h1>\n<h1 class=\"xdj266r x11i5rnm xat24cr x1mh8g0r x1vvkbs x126k92a\" style=\"text-align: center;\"><span style=\"color: #3366ff;\"><strong>Z\u00e1kladn\u00ed \u0161kole speci\u00e1ln\u00ed Blansko<\/strong><\/span><\/h1>\n<h1 class=\"xdj266r x11i5rnm xat24cr x1mh8g0r x1vvkbs x126k92a\" style=\"text-align: center;\"><style>#jtg-1495 .modula-item .jtg-social a, .lightbox-socials.jtg-social a{ color: #ffffff }#jtg-1495 .modula-item .jtg-social svg, .lightbox-socials.jtg-social svg { height: 16px; width: 16px }#jtg-1495 .modula-item .jtg-social a:not(:last-child), .lightbox-socials.jtg-social a:not(:last-child) { margin-right: 10px }#jtg-1495 .modula-item .figc {color:#ffffff;}#jtg-1495 .modula-item .modula-item-content { transform: scale(1) }#jtg-1495 { width:100%;}#jtg-1495 .modula-items .figc p.description { font-size:14px; }#jtg-1495 .modula-items .figc p.description { color:#ffffff;}#jtg-1495.modula-gallery .modula-item > a, #jtg-1495.modula-gallery .modula-item, #jtg-1495.modula-gallery .modula-item-content > a:not(.modula-no-follow) { cursor:zoom-in; } #jtg-1495.modula-gallery .modula-item-content .modula-no-follow { cursor: default; } @media screen and (max-width:480px){#jtg-1495 .modula-item .figc .jtg-title {  font-size: 12px; }#jtg-1495 .modula-items .figc p.description { color:#ffffff;font-size:10px; }}<\/style>\n<!-- Gallery Container -->\n<div  id=\"jtg-1495\" class=\"modula modula-gallery modula-columns\" data-config=\"{&quot;tabletHeight&quot;:0,&quot;mobileHeight&quot;:0,&quot;desktopHeight&quot;:0,&quot;enableTwitter&quot;:false,&quot;enableWhatsapp&quot;:false,&quot;enableFacebook&quot;:false,&quot;enablePinterest&quot;:false,&quot;enableLinkedin&quot;:false,&quot;enableEmail&quot;:false,&quot;randomFactor&quot;:0,&quot;type&quot;:&quot;grid&quot;,&quot;columns&quot;:12,&quot;gutter&quot;:10,&quot;mobileGutter&quot;:10,&quot;tabletGutter&quot;:10,&quot;desktopGutter&quot;:10,&quot;enableResponsive&quot;:&quot;0&quot;,&quot;tabletColumns&quot;:&quot;2&quot;,&quot;mobileColumns&quot;:&quot;1&quot;,&quot;lazyLoad&quot;:&quot;1&quot;,&quot;lightboxOpts&quot;:{&quot;loop&quot;:false,&quot;arrows&quot;:true,&quot;toolbar&quot;:true,&quot;keyboard&quot;:true,&quot;wheel&quot;:false,&quot;buttons&quot;:[&quot;close&quot;],&quot;hash&quot;:false,&quot;lang&quot;:&quot;en&quot;,&quot;touch&quot;:false,&quot;protect&quot;:false,&quot;i18n&quot;:{&quot;en&quot;:{&quot;CLOSE&quot;:&quot;Close&quot;,&quot;NEXT&quot;:&quot;Next&quot;,&quot;PREV&quot;:&quot;Previous&quot;,&quot;Error&quot;:&quot;The requested content cannot be loaded. Please try again later.&quot;,&quot;PLAY_START&quot;:&quot;Start slideshow&quot;,&quot;PLAY_STOP&quot;:&quot;Pause slideshow&quot;,&quot;FULL_SCREEN&quot;:&quot;Full screen&quot;,&quot;THUMBS&quot;:&quot;Thumbnails&quot;,&quot;DOWNLOAD&quot;:&quot;Download&quot;,&quot;SHARE&quot;:&quot;Share&quot;,&quot;ZOOM&quot;:&quot;Zoom&quot;}},&quot;clickSlide&quot;:false,&quot;clickOutside&quot;:false,&quot;dblclickContent&quot;:false,&quot;dblclickSlide&quot;:false,&quot;dblclickOutside&quot;:false,&quot;clickContent&quot;:false,&quot;baseTpl&quot;:&quot;&lt;div class=\\&quot;modula-fancybox-container modula-lightbox-jtg-1495\\&quot; role=\\&quot;dialog\\&quot; tabindex=\\&quot;-1\\&quot;&gt;&lt;div class=\\&quot;modula-fancybox-bg\\&quot;&gt;&lt;\\\/div&gt;&lt;div class=\\&quot;modula-fancybox-inner\\&quot;&gt;&lt;div class=\\&quot;modula-fancybox-infobar\\&quot;&gt;&lt;span data-fancybox-index&gt;&lt;\\\/span&gt;&nbsp;\\\/&nbsp;&lt;span data-fancybox-count&gt;&lt;\\\/span&gt;&lt;\\\/div&gt;&lt;div class=\\&quot;modula-fancybox-toolbar\\&quot;&gt;{{buttons}}&lt;\\\/div&gt;&lt;div class=\\&quot;modula-fancybox-navigation\\&quot;&gt;{{arrows}}&lt;\\\/div&gt;&lt;div class=\\&quot;modula-fancybox-stage\\&quot;&gt;&lt;\\\/div&gt;&lt;div class=\\&quot;modula-fancybox-caption\\&quot;&gt;&lt;div class=\\&quot;modula-fancybox-caption__body\\&quot;&gt;&lt;\\\/div&gt;&lt;\\\/div&gt;&lt;\\\/div&gt;&lt;\\\/div&gt;&quot;},&quot;inView&quot;:false,&quot;email_subject&quot;:&quot;Check out this awesome image !!&quot;,&quot;email_message&quot;:&quot;Here is the link to the image : %%image_link%% and this is the link to the gallery : %%gallery_link%%&quot;,&quot;grid_type&quot;:&quot;automatic&quot;,&quot;rowHeight&quot;:250,&quot;lastRow&quot;:&quot;justify&quot;,&quot;lightbox&quot;:&quot;fancybox&quot;}\">\n\n\t\n\t<!-- Items Container -->\n\t<div  class=\"modula-items grid-gallery\">\n\t\t<div class=\"modula-item effect-pufrobo\" >\n\t<div class=\"modula-item-overlay\"><\/div>\n\n\t<div class=\"modula-item-content\">\n\n\t\t\t\t\n\t\t\t\t\t<a data-image-id=\"1496\" rel=\"jtg-1495\" data-caption=\"\" aria-label=\"Open image in lightbox\" class=\"tile-inner modula-item-link\"><\/a>\n\t\t\n\t\t<img class=\"pic wp-image-1496 lazyload\"  data-valign=\"middle\" data-halign=\"center\" alt=\"\" data-full=\"https:\/\/pojdte-s-nami-za-pohadkou.cz\/wp-content\/uploads\/2026\/01\/predani2025.jpg\" title=\"predani2025\" width=\"640\" height=\"480\" data-src=\"https:\/\/pojdte-s-nami-za-pohadkou.cz\/wp-content\/uploads\/2026\/01\/predani2025-1024x768.jpg\" data-caption=\"\" data-source=\"modula\" data-srcset=\"https:\/\/pojdte-s-nami-za-pohadkou.cz\/wp-content\/uploads\/2026\/01\/predani2025.jpg 2048w, https:\/\/pojdte-s-nami-za-pohadkou.cz\/wp-content\/uploads\/2026\/01\/predani2025-300x225.jpg 300w, https:\/\/pojdte-s-nami-za-pohadkou.cz\/wp-content\/uploads\/2026\/01\/predani2025-1024x768.jpg 1024w, https:\/\/pojdte-s-nami-za-pohadkou.cz\/wp-content\/uploads\/2026\/01\/predani2025-768x576.jpg 768w, https:\/\/pojdte-s-nami-za-pohadkou.cz\/wp-content\/uploads\/2026\/01\/predani2025-1536x1152.jpg 1536w, https:\/\/pojdte-s-nami-za-pohadkou.cz\/wp-content\/uploads\/2026\/01\/predani2025-850x638.jpg 850w, https:\/\/pojdte-s-nami-za-pohadkou.cz\/wp-content\/uploads\/2026\/01\/predani2025-640x480.jpg 640w\" data-sizes=\"(max-width: 640px) 100vw, 640px\" \/>\n\t\t<div class=\"figc no-description\">\n\t\t\t<div class=\"figc-inner\">\n\t\t\t\t\t\t\t\t\t\t\t\t\t\t\t<\/div>\n\t\t<\/div>\n\n\t<\/div>\n\n<\/div>\t\t\n\t<\/div>\n\n\t\n\t\n\t<script type=\"application\/ld+json\">\n\t{\n\t\t\"@context\": \"http:\/\/schema.org\",\n\t\t\"@type\"   : \"ImageGallery\",\n\t\t\"id\"      : \"https:\/\/pojdte-s-nami-za-pohadkou.cz\/wp-json\/wp\/v2\/pages\/70\",\n\t\t\"url\"     : \"https:\/\/pojdte-s-nami-za-pohadkou.cz\/wp-json\/wp\/v2\/pages\/70\"\n\t}\n\n    <\/script>\n\n\t\n<\/div><\/h1>\n<h1><\/h1>\n<h1 class=\"xdj266r x11i5rnm xat24cr x1mh8g0r x1vvkbs x126k92a\"><\/h1>\n<p>&nbsp;<\/p>\n<p>&nbsp;<\/p>\n<div class=\"x11i5rnm xat24cr x1mh8g0r x1vvkbs xtlvy1s x126k92a\">\n<div dir=\"auto\">\n<p>&nbsp;<\/p>\n<\/div>\n<\/div>\n<p>&nbsp;<\/p>\n<p>&nbsp;<\/p>\n<p>&nbsp;<\/p>\n","protected":false},"excerpt":{"rendered":"<p>V\u00fdt\u011b\u017eek z jubilejn\u00edho 10. ro\u010dn\u00edku K\u010d 140.000,-\u00a0 byl v\u011bnov\u00e1n Z\u00e1kladn\u00ed \u0161kole speci\u00e1ln\u00ed Blansko &nbsp; &nbsp; &nbsp; &nbsp; &nbsp; &nbsp;<\/p>\n","protected":false},"author":1,"featured_media":0,"parent":0,"menu_order":0,"comment_status":"closed","ping_status":"closed","template":"","meta":{"footnotes":""},"_links":{"self":[{"href":"https:\/\/pojdte-s-nami-za-pohadkou.cz\/index.php\/wp-json\/wp\/v2\/pages\/70"}],"collection":[{"href":"https:\/\/pojdte-s-nami-za-pohadkou.cz\/index.php\/wp-json\/wp\/v2\/pages"}],"about":[{"href":"https:\/\/pojdte-s-nami-za-pohadkou.cz\/index.php\/wp-json\/wp\/v2\/types\/page"}],"author":[{"embeddable":true,"href":"https:\/\/pojdte-s-nami-za-pohadkou.cz\/index.php\/wp-json\/wp\/v2\/users\/1"}],"replies":[{"embeddable":true,"href":"https:\/\/pojdte-s-nami-za-pohadkou.cz\/index.php\/wp-json\/wp\/v2\/comments?post=70"}],"version-history":[{"count":23,"href":"https:\/\/pojdte-s-nami-za-pohadkou.cz\/index.php\/wp-json\/wp\/v2\/pages\/70\/revisions"}],"predecessor-version":[{"id":1502,"href":"https:\/\/pojdte-s-nami-za-pohadkou.cz\/index.php\/wp-json\/wp\/v2\/pages\/70\/revisions\/1502"}],"wp:attachment":[{"href":"https:\/\/pojdte-s-nami-za-pohadkou.cz\/index.php\/wp-json\/wp\/v2\/media?parent=70"}],"curies":[{"name":"wp","href":"https:\/\/api.w.org\/{rel}","templated":true}]}}